{"id":4650,"date":"2019-04-24T12:45:16","date_gmt":"2019-04-24T10:45:16","guid":{"rendered":"https:\/\/www.lazarushospiz.de\/?page_id=4650"},"modified":"2023-01-17T11:39:34","modified_gmt":"2023-01-17T10:39:34","slug":"iletisim","status":"publish","type":"page","link":"https:\/\/www.lazarushospiz.de\/tr\/iletisim\/","title":{"rendered":"\u0130leti\u015fim"},"content":{"rendered":"\t\t<div data-elementor-type=\"wp-post\" data-elementor-id=\"4650\" class=\"elementor elementor-4650 elementor-4645\" data-elementor-post-type=\"page\">\n\t\t\t\t\t\t<section class=\"elementor-section elementor-top-section elementor-element elementor-element-npldwf8 elementor-section-boxed elementor-section-height-default elementor-section-height-default\" data-id=\"npldwf8\" data-element_type=\"section\" data-e-type=\"section\" data-settings=\"{&quot;background_background&quot;:&quot;classic&quot;}\">\n\t\t\t\t\t\t\t<div class=\"elementor-background-overlay\"><\/div>\n\t\t\t\t\t\t\t<div class=\"elementor-container elementor-column-gap-default\">\n\t\t\t\t\t<div class=\"elementor-column elementor-col-50 elementor-top-column elementor-element elementor-element-bn2xzjs\" data-id=\"bn2xzjs\" data-element_type=\"column\" data-e-type=\"column\">\n\t\t\t<div class=\"elementor-widget-wrap elementor-element-populated\">\n\t\t\t\t\t\t<div class=\"elementor-element elementor-element-7ly833e elementor-widget elementor-widget-spacer\" data-id=\"7ly833e\" data-element_type=\"widget\" data-e-type=\"widget\" data-widget_type=\"spacer.default\">\n\t\t\t\t<div class=\"elementor-widget-container\">\n\t\t\t\t\t\t\t<div class=\"elementor-spacer\">\n\t\t\t<div class=\"elementor-spacer-inner\"><\/div>\n\t\t<\/div>\n\t\t\t\t\t\t<\/div>\n\t\t\t\t<\/div>\n\t\t\t\t<div class=\"elementor-element elementor-element-x1665ys elementor-widget elementor-widget-heading\" data-id=\"x1665ys\" data-element_type=\"widget\" data-e-type=\"widget\" data-widget_type=\"heading.default\">\n\t\t\t\t<div class=\"elementor-widget-container\">\n\t\t\t\t\t<h1 class=\"elementor-heading-title elementor-size-xl\">\u0130leti\u015fim <\/h1>\t\t\t\t<\/div>\n\t\t\t\t<\/div>\n\t\t\t\t<div class=\"elementor-element elementor-element-pjju816 elementor-widget elementor-widget-heading\" data-id=\"pjju816\" data-element_type=\"widget\" data-e-type=\"widget\" data-widget_type=\"heading.default\">\n\t\t\t\t<div class=\"elementor-widget-container\">\n\t\t\t\t\t<h2 class=\"elementor-heading-title elementor-size-default\"><a href=\"https:\/\/www.lazarushospiz.de\/tr\/\">Lazarus Hospiz Berlin<\/a><\/h2>\t\t\t\t<\/div>\n\t\t\t\t<\/div>\n\t\t\t\t<div class=\"elementor-element elementor-element-dadc407 elementor-widget elementor-widget-spacer\" data-id=\"dadc407\" data-element_type=\"widget\" data-e-type=\"widget\" data-widget_type=\"spacer.default\">\n\t\t\t\t<div class=\"elementor-widget-container\">\n\t\t\t\t\t\t\t<div class=\"elementor-spacer\">\n\t\t\t<div class=\"elementor-spacer-inner\"><\/div>\n\t\t<\/div>\n\t\t\t\t\t\t<\/div>\n\t\t\t\t<\/div>\n\t\t\t\t<div class=\"elementor-element elementor-element-iele430 elementor-widget elementor-widget-spacer\" data-id=\"iele430\" data-element_type=\"widget\" data-e-type=\"widget\" data-widget_type=\"spacer.default\">\n\t\t\t\t<div class=\"elementor-widget-container\">\n\t\t\t\t\t\t\t<div class=\"elementor-spacer\">\n\t\t\t<div class=\"elementor-spacer-inner\"><\/div>\n\t\t<\/div>\n\t\t\t\t\t\t<\/div>\n\t\t\t\t<\/div>\n\t\t\t\t\t<\/div>\n\t\t<\/div>\n\t\t\t\t<div class=\"elementor-column elementor-col-50 elementor-top-column elementor-element elementor-element-z9dcmza\" data-id=\"z9dcmza\" data-element_type=\"column\" data-e-type=\"column\">\n\t\t\t<div class=\"elementor-widget-wrap elementor-element-populated\">\n\t\t\t\t\t\t<div class=\"elementor-element elementor-element-aagt0kf elementor-hidden-tablet elementor-hidden-phone elementor-widget elementor-widget-spacer\" data-id=\"aagt0kf\" data-element_type=\"widget\" data-e-type=\"widget\" data-widget_type=\"spacer.default\">\n\t\t\t\t<div class=\"elementor-widget-container\">\n\t\t\t\t\t\t\t<div class=\"elementor-spacer\">\n\t\t\t<div class=\"elementor-spacer-inner\"><\/div>\n\t\t<\/div>\n\t\t\t\t\t\t<\/div>\n\t\t\t\t<\/div>\n\t\t\t\t\t<\/div>\n\t\t<\/div>\n\t\t\t\t\t<\/div>\n\t\t<\/section>\n\t\t\t\t<section class=\"elementor-section elementor-top-section elementor-element elementor-element-02545c5 elementor-section-boxed elementor-section-height-default elementor-section-height-default\" data-id=\"02545c5\" data-element_type=\"section\" data-e-type=\"section\">\n\t\t\t\t\t\t<div class=\"elementor-container elementor-column-gap-wider\">\n\t\t\t\t\t<div class=\"elementor-column elementor-col-50 elementor-top-column elementor-element elementor-element-7bf12f7 headerbox headerbox-single\" data-id=\"7bf12f7\" data-element_type=\"column\" data-e-type=\"column\" data-settings=\"{&quot;background_background&quot;:&quot;classic&quot;}\">\n\t\t\t<div class=\"elementor-widget-wrap elementor-element-populated\">\n\t\t\t\t\t\t<div class=\"elementor-element elementor-element-5665582 elementor-widget elementor-widget-heading\" data-id=\"5665582\" data-element_type=\"widget\" data-e-type=\"widget\" data-widget_type=\"heading.default\">\n\t\t\t\t<div class=\"elementor-widget-container\">\n\t\t\t\t\t<h2 class=\"elementor-heading-title elementor-size-default\">Ayakta Hospis Hizmeti <\/h2>\t\t\t\t<\/div>\n\t\t\t\t<\/div>\n\t\t\t\t<div class=\"elementor-element elementor-element-70c9570 elementor-widget elementor-widget-text-editor\" data-id=\"70c9570\" data-element_type=\"widget\" data-e-type=\"widget\" data-widget_type=\"text-editor.default\">\n\t\t\t\t<div class=\"elementor-widget-container\">\n\t\t\t\t\t\t\t\t\t<p style=\"text-align: center;\">Ayakta Hospis Hizmetleri M\u00fcd\u00fcr\u00fc<br \/>\n<strong>Elizabeth Schmidt-Pabst<\/strong><br \/>\n<a href=\"tel:+493046705276\">030 46705-276<\/a><br \/>\n<a href=\"&#x6d;&#x61;&#x69;&#x6c;&#116;&#111;&#58;&#108;aza&#x72;&#x75;&#x73;&#x68;&#x6f;&#115;&#112;&#105;z-a&#x6d;&#x62;&#x75;&#x6c;&#x61;&#110;&#116;&#64;lob&#x65;&#x74;&#x61;&#x6c;&#x2e;&#100;&#101;\">E-Mail yazmak i\u00e7in<\/a><\/p>\n\t\t\t\t\t\t\t\t<\/div>\n\t\t\t\t<\/div>\n\t\t\t\t\t<\/div>\n\t\t<\/div>\n\t\t\t\t<div class=\"elementor-column elementor-col-50 elementor-top-column elementor-element elementor-element-9c676af headerbox headerbox-single\" data-id=\"9c676af\" data-element_type=\"column\" data-e-type=\"column\" data-settings=\"{&quot;background_background&quot;:&quot;classic&quot;}\">\n\t\t\t<div class=\"elementor-widget-wrap elementor-element-populated\">\n\t\t\t\t\t\t<div class=\"elementor-element elementor-element-ab6b22f elementor-widget elementor-widget-heading\" data-id=\"ab6b22f\" data-element_type=\"widget\" data-e-type=\"widget\" data-widget_type=\"heading.default\">\n\t\t\t\t<div class=\"elementor-widget-container\">\n\t\t\t\t\t<h2 class=\"elementor-heading-title elementor-size-default\">Yat\u0131l\u0131 Hospis Hizmetleri<\/h2>\t\t\t\t<\/div>\n\t\t\t\t<\/div>\n\t\t\t\t<div class=\"elementor-element elementor-element-d0e9008 elementor-widget elementor-widget-text-editor\" data-id=\"d0e9008\" data-element_type=\"widget\" data-e-type=\"widget\" data-widget_type=\"text-editor.default\">\n\t\t\t\t<div class=\"elementor-widget-container\">\n\t\t\t\t\t\t\t\t\t<p style=\"text-align: center;\">Hospis ve Bak\u0131m Hizmetleri Y\u00f6neticisi<br \/>\n<strong>Anette Adam<\/strong><br \/>\n<a href=\"tel:+493046705550\">030 46705-550<\/a><br \/>\n<a href=\"&#109;&#x61;&#105;&#x6c;t&#x6f;:&#108;&#x61;&#122;&#x61;r&#x75;s&#104;&#x6f;&#115;&#x70;i&#x7a;-&#115;&#x74;&#97;&#x74;i&#x6f;n&#97;&#x65;&#114;&#x40;l&#x6f;b&#101;&#x74;&#97;&#x6c;&#46;&#x64;e\">E-Mail yazmak i\u00e7in<\/a><\/p>\n\t\t\t\t\t\t\t\t<\/div>\n\t\t\t\t<\/div>\n\t\t\t\t\t<\/div>\n\t\t<\/div>\n\t\t\t\t\t<\/div>\n\t\t<\/section>\n\t\t\t\t<section class=\"elementor-section elementor-top-section elementor-element elementor-element-3fe2b97 elementor-section-boxed elementor-section-height-default elementor-section-height-default\" data-id=\"3fe2b97\" data-element_type=\"section\" data-e-type=\"section\">\n\t\t\t\t\t\t<div class=\"elementor-container elementor-column-gap-wider\">\n\t\t\t\t\t<div class=\"elementor-column elementor-col-50 elementor-top-column elementor-element elementor-element-fce4fb7 headerbox headerbox-single\" data-id=\"fce4fb7\" data-element_type=\"column\" data-e-type=\"column\" data-settings=\"{&quot;background_background&quot;:&quot;classic&quot;}\">\n\t\t\t<div class=\"elementor-widget-wrap elementor-element-populated\">\n\t\t\t\t\t\t<div class=\"elementor-element elementor-element-dd947a0 elementor-widget elementor-widget-heading\" data-id=\"dd947a0\" data-element_type=\"widget\" data-e-type=\"widget\" data-widget_type=\"heading.default\">\n\t\t\t\t<div class=\"elementor-widget-container\">\n\t\t\t\t\t<h2 class=\"elementor-heading-title elementor-size-default\">Destek derne\u011fi<\/h2>\t\t\t\t<\/div>\n\t\t\t\t<\/div>\n\t\t\t\t<div class=\"elementor-element elementor-element-3b31665 elementor-widget elementor-widget-text-editor\" data-id=\"3b31665\" data-element_type=\"widget\" data-e-type=\"widget\" data-widget_type=\"text-editor.default\">\n\t\t\t\t<div class=\"elementor-widget-container\">\n\t\t\t\t\t\t\t\t\t<p style=\"text-align: center;\"><strong>Ofis\r\n<\/strong>\r\n<a href=\"tel:+493046705276\">030 46705-276<\/a>\r\n<a href=\"ma&#105;&#108;&#116;&#x6f;&#x3a;&#x68;&#x6f;sp&#105;&#122;&#102;&#x6f;&#x65;&#x72;&#x64;er&#118;&#101;&#114;&#x65;&#x69;&#x6e;&#x40;gm&#120;&#46;&#100;&#x65;\">E-Mail yazmak i\u00e7in<\/a><\/p>\t\t\t\t\t\t\t\t<\/div>\n\t\t\t\t<\/div>\n\t\t\t\t\t<\/div>\n\t\t<\/div>\n\t\t\t\t<div class=\"elementor-column elementor-col-50 elementor-top-column elementor-element elementor-element-7bedfaa headerbox headerbox-single\" data-id=\"7bedfaa\" data-element_type=\"column\" data-e-type=\"column\" data-settings=\"{&quot;background_background&quot;:&quot;classic&quot;}\">\n\t\t\t<div class=\"elementor-widget-wrap elementor-element-populated\">\n\t\t\t\t\t\t<div class=\"elementor-element elementor-element-0d1bfc4 elementor-widget elementor-widget-heading\" data-id=\"0d1bfc4\" data-element_type=\"widget\" data-e-type=\"widget\" data-widget_type=\"heading.default\">\n\t\t\t\t<div class=\"elementor-widget-container\">\n\t\t\t\t\t<h2 class=\"elementor-heading-title elementor-size-default\">Dini hizmetlerimiz<\/h2>\t\t\t\t<\/div>\n\t\t\t\t<\/div>\n\t\t\t\t<div class=\"elementor-element elementor-element-abdf71c elementor-widget elementor-widget-text-editor\" data-id=\"abdf71c\" data-element_type=\"widget\" data-e-type=\"widget\" data-widget_type=\"text-editor.default\">\n\t\t\t\t<div class=\"elementor-widget-container\">\n\t\t\t\t\t\t\t\t\t<p style=\"text-align: center;\"><strong>Matthias Albrecht<\/strong><br \/>\n<a href=\"tel:+4903046705274\"> 030 46 705-274<\/a><br \/>\n<a href=\"&#109;a&#x69;l&#x74;o&#x3a;m&#x2e;&#97;&#x6c;&#98;&#x72;&#101;&#x63;&#104;t&#64;l&#x6f;b&#x65;t&#x61;&#108;&#x2e;&#100;&#x65;\">E-Mail yazmak i\u00e7in<\/a><\/p>\n\t\t\t\t\t\t\t\t<\/div>\n\t\t\t\t<\/div>\n\t\t\t\t\t<\/div>\n\t\t<\/div>\n\t\t\t\t\t<\/div>\n\t\t<\/section>\n\t\t\t\t<section class=\"elementor-section elementor-top-section elementor-element elementor-element-bd69ffc space-section elementor-section-boxed elementor-section-height-default elementor-section-height-default\" data-id=\"bd69ffc\" data-element_type=\"section\" data-e-type=\"section\">\n\t\t\t\t\t\t<div class=\"elementor-container elementor-column-gap-default\">\n\t\t\t\t\t<div class=\"elementor-column elementor-col-100 elementor-top-column elementor-element elementor-element-9808ca4\" data-id=\"9808ca4\" data-element_type=\"column\" data-e-type=\"column\">\n\t\t\t<div class=\"elementor-widget-wrap elementor-element-populated\">\n\t\t\t\t\t\t<div class=\"elementor-element elementor-element-db61af8 height-60 elementor-widget elementor-widget-spacer\" data-id=\"db61af8\" data-element_type=\"widget\" data-e-type=\"widget\" data-widget_type=\"spacer.default\">\n\t\t\t\t<div class=\"elementor-widget-container\">\n\t\t\t\t\t\t\t<div class=\"elementor-spacer\">\n\t\t\t<div class=\"elementor-spacer-inner\"><\/div>\n\t\t<\/div>\n\t\t\t\t\t\t<\/div>\n\t\t\t\t<\/div>\n\t\t\t\t\t<\/div>\n\t\t<\/div>\n\t\t\t\t\t<\/div>\n\t\t<\/section>\n\t\t\t\t<section class=\"elementor-section elementor-top-section elementor-element elementor-element-33b036f9 reverse elementor-section-boxed elementor-section-height-default elementor-section-height-default\" data-id=\"33b036f9\" data-element_type=\"section\" data-e-type=\"section\">\n\t\t\t\t\t\t<div class=\"elementor-container elementor-column-gap-default\">\n\t\t\t\t\t<div class=\"elementor-column elementor-col-50 elementor-top-column elementor-element elementor-element-76e92b69\" data-id=\"76e92b69\" data-element_type=\"column\" data-e-type=\"column\">\n\t\t\t<div class=\"elementor-widget-wrap elementor-element-populated\">\n\t\t\t\t\t\t<div class=\"elementor-element elementor-element-86a6882 elementor-widget elementor-widget-image\" data-id=\"86a6882\" data-element_type=\"widget\" data-e-type=\"widget\" data-widget_type=\"image.default\">\n\t\t\t\t<div class=\"elementor-widget-container\">\n\t\t\t\t\t\t\t\t\t\t\t\t\t\t\t<img fetchpriority=\"high\" decoding=\"async\" width=\"768\" height=\"512\" src=\"https:\/\/www.lazarushospiz.de\/wordpress\/wp-content\/uploads\/Foto-1-Gruppenfoto-MA-von-Matthias-Albrecht-768x512.jpg\" class=\"attachment-medium_large size-medium_large wp-image-6827\" alt=\"\" srcset=\"https:\/\/www.lazarushospiz.de\/wordpress\/wp-content\/uploads\/Foto-1-Gruppenfoto-MA-von-Matthias-Albrecht-768x512.jpg 768w, https:\/\/www.lazarushospiz.de\/wordpress\/wp-content\/uploads\/Foto-1-Gruppenfoto-MA-von-Matthias-Albrecht-300x200.jpg 300w, https:\/\/www.lazarushospiz.de\/wordpress\/wp-content\/uploads\/Foto-1-Gruppenfoto-MA-von-Matthias-Albrecht-e1650003358259.jpg 1920w, https:\/\/www.lazarushospiz.de\/wordpress\/wp-content\/uploads\/Foto-1-Gruppenfoto-MA-von-Matthias-Albrecht-1536x1024.jpg 1536w, https:\/\/www.lazarushospiz.de\/wordpress\/wp-content\/uploads\/Foto-1-Gruppenfoto-MA-von-Matthias-Albrecht-2048x1365.jpg 2048w, https:\/\/www.lazarushospiz.de\/wordpress\/wp-content\/uploads\/Foto-1-Gruppenfoto-MA-von-Matthias-Albrecht-1320x880.jpg 1320w\" sizes=\"(max-width: 768px) 100vw, 768px\" \/>\t\t\t\t\t\t\t\t\t\t\t\t\t\t\t<\/div>\n\t\t\t\t<\/div>\n\t\t\t\t\t<\/div>\n\t\t<\/div>\n\t\t\t\t<div class=\"elementor-column elementor-col-50 elementor-top-column elementor-element elementor-element-20f85e73\" data-id=\"20f85e73\" data-element_type=\"column\" data-e-type=\"column\">\n\t\t\t<div class=\"elementor-widget-wrap elementor-element-populated\">\n\t\t\t\t\t\t<div class=\"elementor-element elementor-element-193a3914 elementor-widget elementor-widget-text-editor\" data-id=\"193a3914\" data-element_type=\"widget\" data-e-type=\"widget\" data-widget_type=\"text-editor.default\">\n\t\t\t\t<div class=\"elementor-widget-container\">\n\t\t\t\t\t\t\t\t\t<h2>Bize bu \u015fekilde ula\u015fabilirsiniz<\/h2>\n<p>Lazarus Hospiz Berlin<br \/>\nBernauerstrasse 115-118<br \/>\n13355 Berlin<\/p>\n<p>Ula\u015f\u0131m: <a href=\"https:\/\/www.bvg.de\/de\/Willkommen\">Berliner Verkehrsbetriebe BVG<\/a><br \/>\nHarita: <a href=\"https:\/\/www.google.com\/maps\/place\/Bernauer+Str.+115%2C+13355+Berlin\">Google Maps<\/a><\/p>\n\t\t\t\t\t\t\t\t<\/div>\n\t\t\t\t<\/div>\n\t\t\t\t\t<\/div>\n\t\t<\/div>\n\t\t\t\t\t<\/div>\n\t\t<\/section>\n\t\t\t\t<section class=\"elementor-section elementor-top-section elementor-element elementor-element-a06b093 space-section elementor-section-boxed elementor-section-height-default elementor-section-height-default\" data-id=\"a06b093\" data-element_type=\"section\" data-e-type=\"section\">\n\t\t\t\t\t\t<div class=\"elementor-container elementor-column-gap-default\">\n\t\t\t\t\t<div class=\"elementor-column elementor-col-100 elementor-top-column elementor-element elementor-element-aca9fcf\" data-id=\"aca9fcf\" data-element_type=\"column\" data-e-type=\"column\">\n\t\t\t<div class=\"elementor-widget-wrap elementor-element-populated\">\n\t\t\t\t\t\t<div class=\"elementor-element elementor-element-2fb88c3 height-60 elementor-widget elementor-widget-spacer\" data-id=\"2fb88c3\" data-element_type=\"widget\" data-e-type=\"widget\" data-widget_type=\"spacer.default\">\n\t\t\t\t<div class=\"elementor-widget-container\">\n\t\t\t\t\t\t\t<div class=\"elementor-spacer\">\n\t\t\t<div class=\"elementor-spacer-inner\"><\/div>\n\t\t<\/div>\n\t\t\t\t\t\t<\/div>\n\t\t\t\t<\/div>\n\t\t\t\t\t<\/div>\n\t\t<\/div>\n\t\t\t\t\t<\/div>\n\t\t<\/section>\n\t\t\t\t<section class=\"elementor-section elementor-top-section elementor-element elementor-element-2d15796 elementor-section-boxed elementor-section-height-default elementor-section-height-default\" data-id=\"2d15796\" data-element_type=\"section\" data-e-type=\"section\">\n\t\t\t\t\t\t<div class=\"elementor-container elementor-column-gap-default\">\n\t\t\t\t\t<div class=\"elementor-column elementor-col-33 elementor-top-column elementor-element elementor-element-8923e40\" data-id=\"8923e40\" data-element_type=\"column\" data-e-type=\"column\">\n\t\t\t<div class=\"elementor-widget-wrap elementor-element-populated\">\n\t\t\t\t\t\t<div class=\"elementor-element elementor-element-141cc0c logo-img elementor-widget elementor-widget-image\" data-id=\"141cc0c\" data-element_type=\"widget\" data-e-type=\"widget\" data-widget_type=\"image.default\">\n\t\t\t\t<div class=\"elementor-widget-container\">\n\t\t\t\t\t\t\t\t\t\t\t\t\t\t\t<img decoding=\"async\" width=\"300\" height=\"67\" src=\"https:\/\/www.lazarushospiz.de\/wordpress\/wp-content\/uploads\/logo-lazarushospiz-berlin-300x67.png\" class=\"attachment-medium size-medium wp-image-1849\" alt=\"\" srcset=\"https:\/\/www.lazarushospiz.de\/wordpress\/wp-content\/uploads\/logo-lazarushospiz-berlin-300x67.png 300w, https:\/\/www.lazarushospiz.de\/wordpress\/wp-content\/uploads\/logo-lazarushospiz-berlin-768x172.png 768w, https:\/\/www.lazarushospiz.de\/wordpress\/wp-content\/uploads\/logo-lazarushospiz-berlin.png 820w\" sizes=\"(max-width: 300px) 100vw, 300px\" \/>\t\t\t\t\t\t\t\t\t\t\t\t\t\t\t<\/div>\n\t\t\t\t<\/div>\n\t\t\t\t\t<\/div>\n\t\t<\/div>\n\t\t\t\t<div class=\"elementor-column elementor-col-33 elementor-top-column elementor-element elementor-element-7632165\" data-id=\"7632165\" data-element_type=\"column\" data-e-type=\"column\">\n\t\t\t<div class=\"elementor-widget-wrap elementor-element-populated\">\n\t\t\t\t\t\t<div class=\"elementor-element elementor-element-daf968f logo-img elementor-widget elementor-widget-image\" data-id=\"daf968f\" data-element_type=\"widget\" data-e-type=\"widget\" data-widget_type=\"image.default\">\n\t\t\t\t<div class=\"elementor-widget-container\">\n\t\t\t\t\t\t\t\t\t\t\t\t\t\t\t<img decoding=\"async\" width=\"342\" height=\"75\" src=\"https:\/\/www.lazarushospiz.de\/wordpress\/wp-content\/uploads\/logo-hstl.png\" class=\"attachment-large size-large wp-image-4054\" alt=\"\" srcset=\"https:\/\/www.lazarushospiz.de\/wordpress\/wp-content\/uploads\/logo-hstl.png 342w, https:\/\/www.lazarushospiz.de\/wordpress\/wp-content\/uploads\/logo-hstl-300x66.png 300w\" sizes=\"(max-width: 342px) 100vw, 342px\" \/>\t\t\t\t\t\t\t\t\t\t\t\t\t\t\t<\/div>\n\t\t\t\t<\/div>\n\t\t\t\t\t<\/div>\n\t\t<\/div>\n\t\t\t\t<div class=\"elementor-column elementor-col-33 elementor-top-column elementor-element elementor-element-4bf035a\" data-id=\"4bf035a\" data-element_type=\"column\" data-e-type=\"column\">\n\t\t\t<div class=\"elementor-widget-wrap elementor-element-populated\">\n\t\t\t\t\t\t<div class=\"elementor-element elementor-element-c817d48 logo-img elementor-widget elementor-widget-image\" data-id=\"c817d48\" data-element_type=\"widget\" data-e-type=\"widget\" data-widget_type=\"image.default\">\n\t\t\t\t<div class=\"elementor-widget-container\">\n\t\t\t\t\t\t\t\t\t\t\t\t\t\t\t<img loading=\"lazy\" decoding=\"async\" width=\"271\" height=\"75\" src=\"https:\/\/www.lazarushospiz.de\/wordpress\/wp-content\/uploads\/logo-bethel.png\" class=\"attachment-large size-large wp-image-2744\" alt=\"\" \/>\t\t\t\t\t\t\t\t\t\t\t\t\t\t\t<\/div>\n\t\t\t\t<\/div>\n\t\t\t\t\t<\/div>\n\t\t<\/div>\n\t\t\t\t\t<\/div>\n\t\t<\/section>\n\t\t\t\t<\/div>\n\t\t","protected":false},"excerpt":{"rendered":"<p>\u0130leti\u015fim Lazarus Hospiz Berlin Ayakta Hospis Hizmeti Ayakta Hospis Hizmetleri M\u00fcd\u00fcr\u00fc Elizabeth Schmidt-Pabst 030 46705-276 E-Mail yazmak i\u00e7in Yat\u0131l\u0131 Hospis Hizmetleri Hospis ve Bak\u0131m Hizmetleri Y\u00f6neticisi Anette Adam 030 46705-550 E-Mail yazmak i\u00e7in Destek derne\u011fi Ofis 030 46705-276 E-Mail yazmak [&hellip;]<\/p>\n","protected":false},"author":1,"featured_media":0,"parent":0,"menu_order":0,"comment_status":"closed","ping_status":"closed","template":"","meta":{"_acf_changed":false,"site-sidebar-layout":"no-sidebar","site-content-layout":"page-builder","ast-site-content-layout":"full-width-container","site-content-style":"unboxed","site-sidebar-style":"unboxed","ast-global-header-display":"","ast-banner-title-visibility":"","ast-main-header-display":"","ast-hfb-above-header-display":"","ast-hfb-below-header-display":"","ast-hfb-mobile-header-display":"","site-post-title":"disabled","ast-breadcrumbs-content":"","ast-featured-img":"","footer-sml-layout":"","ast-disable-related-posts":"","theme-transparent-header-meta":"default","adv-header-id-meta":"","stick-header-meta":"default","header-above-stick-meta":"","header-main-stick-meta":"","header-below-stick-meta":"","astra-migrate-meta-layouts":"default","ast-page-background-enabled":"default","ast-page-background-meta":{"desktop":{"background-color":"","background-image":"","background-repeat":"repeat","background-position":"center center","background-size":"auto","background-attachment":"scroll","background-type":"","background-media":"","overlay-type":"","overlay-color":"","overlay-opacity":"","overlay-gradient":""},"tablet":{"background-color":"","background-image":"","background-repeat":"repeat","background-position":"center center","background-size":"auto","background-attachment":"scroll","background-type":"","background-media":"","overlay-type":"","overlay-color":"","overlay-opacity":"","overlay-gradient":""},"mobile":{"background-color":"","background-image":"","background-repeat":"repeat","background-position":"center center","background-size":"auto","background-attachment":"scroll","background-type":"","background-media":"","overlay-type":"","overlay-color":"","overlay-opacity":"","overlay-gradient":""}},"ast-content-background-meta":{"desktop":{"background-color":"var(--ast-global-color-5)","background-image":"","background-repeat":"repeat","background-position":"center center","background-size":"auto","background-attachment":"scroll","background-type":"","background-media":"","overlay-type":"","overlay-color":"","overlay-opacity":"","overlay-gradient":""},"tablet":{"background-color":"var(--ast-global-color-5)","background-image":"","background-repeat":"repeat","background-position":"center center","background-size":"auto","background-attachment":"scroll","background-type":"","background-media":"","overlay-type":"","overlay-color":"","overlay-opacity":"","overlay-gradient":""},"mobile":{"background-color":"var(--ast-global-color-5)","background-image":"","background-repeat":"repeat","background-position":"center center","background-size":"auto","background-attachment":"scroll","background-type":"","background-media":"","overlay-type":"","overlay-color":"","overlay-opacity":"","overlay-gradient":""}},"footnotes":""},"class_list":["post-4650","page","type-page","status-publish","hentry"],"acf":[],"_links":{"self":[{"href":"https:\/\/www.lazarushospiz.de\/tr\/wp-json\/wp\/v2\/pages\/4650","targetHints":{"allow":["GET"]}}],"collection":[{"href":"https:\/\/www.lazarushospiz.de\/tr\/wp-json\/wp\/v2\/pages"}],"about":[{"href":"https:\/\/www.lazarushospiz.de\/tr\/wp-json\/wp\/v2\/types\/page"}],"author":[{"embeddable":true,"href":"https:\/\/www.lazarushospiz.de\/tr\/wp-json\/wp\/v2\/users\/1"}],"replies":[{"embeddable":true,"href":"https:\/\/www.lazarushospiz.de\/tr\/wp-json\/wp\/v2\/comments?post=4650"}],"version-history":[{"count":4,"href":"https:\/\/www.lazarushospiz.de\/tr\/wp-json\/wp\/v2\/pages\/4650\/revisions"}],"predecessor-version":[{"id":7346,"href":"https:\/\/www.lazarushospiz.de\/tr\/wp-json\/wp\/v2\/pages\/4650\/revisions\/7346"}],"wp:attachment":[{"href":"https:\/\/www.lazarushospiz.de\/tr\/wp-json\/wp\/v2\/media?parent=4650"}],"curies":[{"name":"wp","href":"https:\/\/api.w.org\/{rel}","templated":true}]}}