{"id":3368,"date":"2018-10-16T14:02:29","date_gmt":"2018-10-16T12:02:29","guid":{"rendered":"https:\/\/www.lazarushospiz.de\/projelerimiz\/"},"modified":"2026-02-03T09:31:29","modified_gmt":"2026-02-03T08:31:29","slug":"projelerimiz","status":"publish","type":"page","link":"https:\/\/www.lazarushospiz.de\/tr\/projelerimiz\/","title":{"rendered":"Projelerimiz"},"content":{"rendered":"\t\t<div data-elementor-type=\"wp-post\" data-elementor-id=\"3368\" class=\"elementor elementor-3368 elementor-2440\" data-elementor-post-type=\"page\">\n\t\t\t\t\t\t<section class=\"elementor-section elementor-top-section elementor-element elementor-element-npldwf8 elementor-section-boxed elementor-section-height-default elementor-section-height-default\" data-id=\"npldwf8\" data-element_type=\"section\" data-e-type=\"section\" data-settings=\"{&quot;background_background&quot;:&quot;classic&quot;}\">\n\t\t\t\t\t\t\t<div class=\"elementor-background-overlay\"><\/div>\n\t\t\t\t\t\t\t<div class=\"elementor-container elementor-column-gap-default\">\n\t\t\t\t\t<div class=\"elementor-column elementor-col-50 elementor-top-column elementor-element elementor-element-bn2xzjs\" data-id=\"bn2xzjs\" data-element_type=\"column\" data-e-type=\"column\">\n\t\t\t<div class=\"elementor-widget-wrap elementor-element-populated\">\n\t\t\t\t\t\t<div class=\"elementor-element elementor-element-7ly833e elementor-widget elementor-widget-spacer\" data-id=\"7ly833e\" data-element_type=\"widget\" data-e-type=\"widget\" data-widget_type=\"spacer.default\">\n\t\t\t\t<div class=\"elementor-widget-container\">\n\t\t\t\t\t\t\t<div class=\"elementor-spacer\">\n\t\t\t<div class=\"elementor-spacer-inner\"><\/div>\n\t\t<\/div>\n\t\t\t\t\t\t<\/div>\n\t\t\t\t<\/div>\n\t\t\t\t<div class=\"elementor-element elementor-element-x1665ys elementor-widget elementor-widget-heading\" data-id=\"x1665ys\" data-element_type=\"widget\" data-e-type=\"widget\" data-widget_type=\"heading.default\">\n\t\t\t\t<div class=\"elementor-widget-container\">\n\t\t\t\t\t<h1 class=\"elementor-heading-title elementor-size-xl\">Projelerimiz<\/h1>\t\t\t\t<\/div>\n\t\t\t\t<\/div>\n\t\t\t\t<div class=\"elementor-element elementor-element-pjju816 elementor-widget elementor-widget-heading\" data-id=\"pjju816\" data-element_type=\"widget\" data-e-type=\"widget\" data-widget_type=\"heading.default\">\n\t\t\t\t<div class=\"elementor-widget-container\">\n\t\t\t\t\t<h2 class=\"elementor-heading-title elementor-size-default\"><a href=\"https:\/\/www.lazarushospiz.de\/tr\/\">Lazarus Hospiz Berlin<\/a><\/h2>\t\t\t\t<\/div>\n\t\t\t\t<\/div>\n\t\t\t\t<div class=\"elementor-element elementor-element-iele430 elementor-widget elementor-widget-spacer\" data-id=\"iele430\" data-element_type=\"widget\" data-e-type=\"widget\" data-widget_type=\"spacer.default\">\n\t\t\t\t<div class=\"elementor-widget-container\">\n\t\t\t\t\t\t\t<div class=\"elementor-spacer\">\n\t\t\t<div class=\"elementor-spacer-inner\"><\/div>\n\t\t<\/div>\n\t\t\t\t\t\t<\/div>\n\t\t\t\t<\/div>\n\t\t\t\t\t<\/div>\n\t\t<\/div>\n\t\t\t\t<div class=\"elementor-column elementor-col-50 elementor-top-column elementor-element elementor-element-z9dcmza\" data-id=\"z9dcmza\" data-element_type=\"column\" data-e-type=\"column\">\n\t\t\t<div class=\"elementor-widget-wrap elementor-element-populated\">\n\t\t\t\t\t\t<div class=\"elementor-element elementor-element-aagt0kf elementor-hidden-tablet elementor-hidden-phone elementor-widget elementor-widget-spacer\" data-id=\"aagt0kf\" data-element_type=\"widget\" data-e-type=\"widget\" data-widget_type=\"spacer.default\">\n\t\t\t\t<div class=\"elementor-widget-container\">\n\t\t\t\t\t\t\t<div class=\"elementor-spacer\">\n\t\t\t<div class=\"elementor-spacer-inner\"><\/div>\n\t\t<\/div>\n\t\t\t\t\t\t<\/div>\n\t\t\t\t<\/div>\n\t\t\t\t\t<\/div>\n\t\t<\/div>\n\t\t\t\t\t<\/div>\n\t\t<\/section>\n\t\t\t\t<section class=\"elementor-section elementor-top-section elementor-element elementor-element-e66842e elementor-section-boxed elementor-section-height-default elementor-section-height-default\" data-id=\"e66842e\" data-element_type=\"section\" data-e-type=\"section\" id=\"kultursensible-sterbebegleitung\">\n\t\t\t\t\t\t<div class=\"elementor-container elementor-column-gap-default\">\n\t\t\t\t\t<div class=\"elementor-column elementor-col-100 elementor-top-column elementor-element elementor-element-1f9fa2a\" data-id=\"1f9fa2a\" data-element_type=\"column\" data-e-type=\"column\">\n\t\t\t<div class=\"elementor-widget-wrap elementor-element-populated\">\n\t\t\t\t\t\t<div class=\"elementor-element elementor-element-71c9cad height-30 elementor-widget elementor-widget-spacer\" data-id=\"71c9cad\" data-element_type=\"widget\" data-e-type=\"widget\" data-widget_type=\"spacer.default\">\n\t\t\t\t<div class=\"elementor-widget-container\">\n\t\t\t\t\t\t\t<div class=\"elementor-spacer\">\n\t\t\t<div class=\"elementor-spacer-inner\"><\/div>\n\t\t<\/div>\n\t\t\t\t\t\t<\/div>\n\t\t\t\t<\/div>\n\t\t\t\t\t<\/div>\n\t\t<\/div>\n\t\t\t\t\t<\/div>\n\t\t<\/section>\n\t\t\t\t<section class=\"elementor-section elementor-top-section elementor-element elementor-element-c64f61b reverse elementor-section-boxed elementor-section-height-default elementor-section-height-default\" data-id=\"c64f61b\" data-element_type=\"section\" data-e-type=\"section\">\n\t\t\t\t\t\t<div class=\"elementor-container elementor-column-gap-default\">\n\t\t\t\t\t<div class=\"elementor-column elementor-col-33 elementor-top-column elementor-element elementor-element-a5e677d\" data-id=\"a5e677d\" data-element_type=\"column\" data-e-type=\"column\">\n\t\t\t<div class=\"elementor-widget-wrap elementor-element-populated\">\n\t\t\t\t\t\t<div class=\"elementor-element elementor-element-2cfe866 elementor-widget elementor-widget-image\" data-id=\"2cfe866\" data-element_type=\"widget\" data-e-type=\"widget\" data-widget_type=\"image.default\">\n\t\t\t\t<div class=\"elementor-widget-container\">\n\t\t\t\t\t\t\t\t\t\t\t\t\t\t\t\t<a href=\"https:\/\/www.lazarushospiz.de\/wordpress\/wp-content\/uploads\/lazarus-hospiz-projekt-am-lebensende-1920x1278-1.jpg\" data-elementor-open-lightbox=\"yes\" data-elementor-lightbox-title=\"lazarus-hospiz-projekt-am-lebensende-1920x1278\" data-e-action-hash=\"#elementor-action%3Aaction%3Dlightbox%26settings%3DeyJpZCI6IjcxNjkiLCJ1cmwiOiJodHRwczpcL1wvd3d3LmxhemFydXNob3NwaXouZGVcL3dvcmRwcmVzc1wvd3AtY29udGVudFwvdXBsb2Fkc1wvbGF6YXJ1cy1ob3NwaXotcHJvamVrdC1hbS1sZWJlbnNlbmRlLTE5MjB4MTI3OC0xLmpwZyJ9\">\n\t\t\t\t\t\t\t<img fetchpriority=\"high\" decoding=\"async\" width=\"768\" height=\"734\" src=\"https:\/\/www.lazarushospiz.de\/wordpress\/wp-content\/uploads\/lazarus-hospiz-projekt-am-lebensende-1920x1278-1-768x734.jpg\" class=\"attachment-medium_large size-medium_large wp-image-7169\" alt=\"\" srcset=\"https:\/\/www.lazarushospiz.de\/wordpress\/wp-content\/uploads\/lazarus-hospiz-projekt-am-lebensende-1920x1278-1-768x734.jpg 768w, https:\/\/www.lazarushospiz.de\/wordpress\/wp-content\/uploads\/lazarus-hospiz-projekt-am-lebensende-1920x1278-1-300x287.jpg 300w, https:\/\/www.lazarushospiz.de\/wordpress\/wp-content\/uploads\/lazarus-hospiz-projekt-am-lebensende-1920x1278-1-1320x1261.jpg 1320w, https:\/\/www.lazarushospiz.de\/wordpress\/wp-content\/uploads\/lazarus-hospiz-projekt-am-lebensende-1920x1278-1.jpg 1338w\" sizes=\"(max-width: 768px) 100vw, 768px\" \/>\t\t\t\t\t\t\t\t<\/a>\n\t\t\t\t\t\t\t\t\t\t\t\t\t\t\t<\/div>\n\t\t\t\t<\/div>\n\t\t\t\t\t<\/div>\n\t\t<\/div>\n\t\t\t\t<div class=\"elementor-column elementor-col-66 elementor-top-column elementor-element elementor-element-f49236e\" data-id=\"f49236e\" data-element_type=\"column\" data-e-type=\"column\">\n\t\t\t<div class=\"elementor-widget-wrap elementor-element-populated\">\n\t\t\t\t\t\t<div class=\"elementor-element elementor-element-7703c16 elementor-widget elementor-widget-text-editor\" data-id=\"7703c16\" data-element_type=\"widget\" data-e-type=\"widget\" data-widget_type=\"text-editor.default\">\n\t\t\t\t<div class=\"elementor-widget-container\">\n\t\t\t\t\t\t\t\t\t<h2>K\u00fclt\u00fcre Duyarl\u0131 \u00d6l\u00fcm Refakati<\/h2>\n\t\t\t\t\t\t\t\t<\/div>\n\t\t\t\t<\/div>\n\t\t\t\t<div class=\"elementor-element elementor-element-bfa3c7d elementor-widget elementor-widget-text-editor\" data-id=\"bfa3c7d\" data-element_type=\"widget\" data-e-type=\"widget\" data-widget_type=\"text-editor.default\">\n\t\t\t\t<div class=\"elementor-widget-container\">\n\t\t\t\t\t\t\t\t\tBerlin\u2019de Almanya k\u00f6kenli olmayan yakla\u015f\u0131k 872.000 insan ya\u015f\u0131yor. G\u00fcncel ara\u015ft\u0131rmalar\u0131n sonu\u00e7lar\u0131, g\u00f6\u00e7 arkaplan\u0131 olan insanlar\u0131n Alman n\u00fcfusa oranla hospislerden ve paliyatif hizmetlerden \u00e7ok daha az faydaland\u0131\u011f\u0131n\u0131 ortaya koyuyor. Bu nedenle Mart 2013\u2019te k\u00fclt\u00fcre duyarl\u0131 \u201cMemleketten Uzakta Hayat\u0131n Sonunda\u201d projesini hayata ge\u00e7irdik.\r\n\r\nHospis hizmetlerini t\u00fcm insanlar i\u00e7in eri\u015filebilir hale getirmek ve di\u011fer k\u00fclt\u00fcrlerden insanlar\u0131 da a\u011f\u0131r hasta ve \u00f6lmekte olan insanlara g\u00f6n\u00fcll\u00fc refakat i\u00e7in kazanmak istiyoruz.\r\n\r\nAyr\u0131ca (hasta) bak\u0131c\u0131lar i\u00e7in k\u00fclt\u00fcre duyarl\u0131 bak\u0131m e\u011fitimi veriyoruz. Son y\u0131llarda artan say\u0131da g\u00f6\u00e7 arkaplan\u0131na sahip insana refakat ettik ve ana dili T\u00fcrk\u00e7e, Leh\u00e7e, Arap\u00e7a, Macarca, Korece, \u0130spanyolca, Portekizce, Norve\u00e7\u00e7e, \u0130ngilizce ve Romence olan g\u00f6n\u00fcll\u00fcler aram\u0131za kat\u0131ld\u0131.\t\t\t\t\t\t\t\t<\/div>\n\t\t\t\t<\/div>\n\t\t\t\t\t<\/div>\n\t\t<\/div>\n\t\t\t\t\t<\/div>\n\t\t<\/section>\n\t\t\t\t<section class=\"elementor-section elementor-top-section elementor-element elementor-element-6cdfc58 space-section elementor-section-boxed elementor-section-height-default elementor-section-height-default\" data-id=\"6cdfc58\" data-element_type=\"section\" data-e-type=\"section\" id=\"hospiz-o\u015bwi\u0119cim\">\n\t\t\t\t\t\t<div class=\"elementor-container elementor-column-gap-default\">\n\t\t\t\t\t<div class=\"elementor-column elementor-col-100 elementor-top-column elementor-element elementor-element-cb5bfba\" data-id=\"cb5bfba\" data-element_type=\"column\" data-e-type=\"column\">\n\t\t\t<div class=\"elementor-widget-wrap elementor-element-populated\">\n\t\t\t\t\t\t<div class=\"elementor-element elementor-element-6efe75d height-60 elementor-widget elementor-widget-spacer\" data-id=\"6efe75d\" data-element_type=\"widget\" data-e-type=\"widget\" data-widget_type=\"spacer.default\">\n\t\t\t\t<div class=\"elementor-widget-container\">\n\t\t\t\t\t\t\t<div class=\"elementor-spacer\">\n\t\t\t<div class=\"elementor-spacer-inner\"><\/div>\n\t\t<\/div>\n\t\t\t\t\t\t<\/div>\n\t\t\t\t<\/div>\n\t\t\t\t\t<\/div>\n\t\t<\/div>\n\t\t\t\t\t<\/div>\n\t\t<\/section>\n\t\t\t\t<section class=\"elementor-section elementor-top-section elementor-element elementor-element-557aa0c elementor-section-boxed elementor-section-height-default elementor-section-height-default\" data-id=\"557aa0c\" data-element_type=\"section\" data-e-type=\"section\">\n\t\t\t\t\t\t<div class=\"elementor-container elementor-column-gap-default\">\n\t\t\t\t\t<div class=\"elementor-column elementor-col-33 elementor-top-column elementor-element elementor-element-901062b\" data-id=\"901062b\" data-element_type=\"column\" data-e-type=\"column\">\n\t\t\t<div class=\"elementor-widget-wrap elementor-element-populated\">\n\t\t\t\t\t\t<div class=\"elementor-element elementor-element-281926b elementor-widget elementor-widget-text-editor\" data-id=\"281926b\" data-element_type=\"widget\" data-e-type=\"widget\" data-widget_type=\"text-editor.default\">\n\t\t\t\t<div class=\"elementor-widget-container\">\n\t\t\t\t\t\t\t\t\t<h2>O\u015bwi\u0119cim\u2018deki An\u0131t Hospisle \u0130\u015fbirli\u011fi<\/h2>\n<p><b>Polonya\u2019da, O\u015bwi\u0119cim\u2018deki An\u0131t Hospis ile Almanya\u2019da, Berlin\u2019deki Lazarus Hospisi aras\u0131ndaki i\u015fbirli\u011fi<\/b><\/p>\n<p>27 Ocak 1945 tarihinde, Auschwitz Toplama Kamp\u0131\u2019nda hayatta kalmay\u0131 ba\u015farm\u0131\u015f olan tutsaklar Rus ordusu taraf\u0131ndan \u00f6zg\u00fcrle\u015ftirildi. G\u00fcn\u00fcm\u00fczde uluslararas\u0131 bir anma g\u00fcn\u00fc olan 27 Ocak Yahudilerin, Sinti ve Romalar\u0131n, e\u015fcinsellerin, siyasi tutsaklar\u0131n, zorla \u00e7al\u0131\u015ft\u0131r\u0131lanlar\u0131n ve Polonyal\u0131lar\u0131n haklar\u0131n\u0131n ellerinden al\u0131nmas\u0131, d\u0131\u015flanmas\u0131 ve katledilmesinin unutulmamas\u0131n\u0131 sa\u011fl\u0131yor. Cumhurba\u015fkan\u0131 Gauck 27 Ocak 2015 tarihinde Federal Meclis\u2019teki anma t\u00f6reninde, Auschwitz\u2019in Alman tarihinin ve kimli\u011finin bir par\u00e7as\u0131 oldu\u011funu dile getirmi\u015fti.<\/p>\n<p>Federal Sa\u011fl\u0131k Bakanl\u0131\u011f\u0131 2013 y\u0131l\u0131nda bizimle, yani Bernauer Stra\u00dfe\u2018deki Lazarus Hospisi\u2019yle O\u015bwi\u0119cim \u015fehrinde 2012 y\u0131l\u0131nda kurulan An\u0131t Hospis aras\u0131nda bir ba\u011flant\u0131 kurdu.<\/p>\n\t\t\t\t\t\t\t\t<\/div>\n\t\t\t\t<\/div>\n\t\t\t\t<div class=\"elementor-element elementor-element-6575ead elementor-align-left elementor-widget elementor-widget-button\" data-id=\"6575ead\" data-element_type=\"widget\" data-e-type=\"widget\" data-widget_type=\"button.default\">\n\t\t\t\t<div class=\"elementor-widget-container\">\n\t\t\t\t\t\t\t\t\t<div class=\"elementor-button-wrapper\">\n\t\t\t\t\t<a class=\"elementor-button elementor-button-link elementor-size-sm\" href=\"https:\/\/www.lazarushospiz.de\/tr\/oswiecim-anit-hospisi\/\">\n\t\t\t\t\t\t<span class=\"elementor-button-content-wrapper\">\n\t\t\t\t\t\t<span class=\"elementor-button-icon\">\n\t\t\t\t\t\t\t\t\t<i class=\"fa fa-link\" aria-hidden=\"true\"><\/i>\n\t\t\t\t\t\t\t<\/span>\n\t\t\t\t\t\t\t\t\t<span class=\"elementor-button-text\">Devam\u0131n\u0131 okumak i\u00e7in<\/span>\n\t\t\t\t\t<\/span>\n\t\t\t\t\t<\/a>\n\t\t\t\t<\/div>\n\t\t\t\t\t\t\t\t<\/div>\n\t\t\t\t<\/div>\n\t\t\t\t\t<\/div>\n\t\t<\/div>\n\t\t\t\t<div class=\"elementor-column elementor-col-66 elementor-top-column elementor-element elementor-element-5f721e2\" data-id=\"5f721e2\" data-element_type=\"column\" data-e-type=\"column\">\n\t\t\t<div class=\"elementor-widget-wrap elementor-element-populated\">\n\t\t\t\t\t\t<div class=\"elementor-element elementor-element-004bb60 elementor-widget elementor-widget-image\" data-id=\"004bb60\" data-element_type=\"widget\" data-e-type=\"widget\" data-widget_type=\"image.default\">\n\t\t\t\t<div class=\"elementor-widget-container\">\n\t\t\t\t\t\t\t\t\t\t\t\t\t\t\t\t<a href=\"https:\/\/www.lazarushospiz.de\/wordpress\/wp-content\/uploads\/lazarus-hospiz-projekt-polen-denkmalhospiz-1.jpg\" data-elementor-open-lightbox=\"yes\" data-elementor-lightbox-title=\"lazarus-hospiz-projekt-polen-denkmalhospiz\" data-e-action-hash=\"#elementor-action%3Aaction%3Dlightbox%26settings%3DeyJpZCI6IjcxNzAiLCJ1cmwiOiJodHRwczpcL1wvd3d3LmxhemFydXNob3NwaXouZGVcL3dvcmRwcmVzc1wvd3AtY29udGVudFwvdXBsb2Fkc1wvbGF6YXJ1cy1ob3NwaXotcHJvamVrdC1wb2xlbi1kZW5rbWFsaG9zcGl6LTEuanBnIn0%3D\">\n\t\t\t\t\t\t\t<img decoding=\"async\" width=\"589\" height=\"719\" src=\"https:\/\/www.lazarushospiz.de\/wordpress\/wp-content\/uploads\/lazarus-hospiz-projekt-polen-denkmalhospiz-1.jpg\" class=\"attachment-medium_large size-medium_large wp-image-7170\" alt=\"\" srcset=\"https:\/\/www.lazarushospiz.de\/wordpress\/wp-content\/uploads\/lazarus-hospiz-projekt-polen-denkmalhospiz-1.jpg 589w, https:\/\/www.lazarushospiz.de\/wordpress\/wp-content\/uploads\/lazarus-hospiz-projekt-polen-denkmalhospiz-1-246x300.jpg 246w\" sizes=\"(max-width: 589px) 100vw, 589px\" \/>\t\t\t\t\t\t\t\t<\/a>\n\t\t\t\t\t\t\t\t\t\t\t\t\t\t\t<\/div>\n\t\t\t\t<\/div>\n\t\t\t\t\t<\/div>\n\t\t<\/div>\n\t\t\t\t\t<\/div>\n\t\t<\/section>\n\t\t\t\t<section class=\"elementor-section elementor-top-section elementor-element elementor-element-2d15796 elementor-section-boxed elementor-section-height-default elementor-section-height-default\" data-id=\"2d15796\" data-element_type=\"section\" data-e-type=\"section\">\n\t\t\t\t\t\t<div class=\"elementor-container elementor-column-gap-default\">\n\t\t\t\t\t<div class=\"elementor-column elementor-col-33 elementor-top-column elementor-element elementor-element-8923e40\" data-id=\"8923e40\" data-element_type=\"column\" data-e-type=\"column\">\n\t\t\t<div class=\"elementor-widget-wrap elementor-element-populated\">\n\t\t\t\t\t\t<div class=\"elementor-element elementor-element-141cc0c logo-img elementor-widget elementor-widget-image\" data-id=\"141cc0c\" data-element_type=\"widget\" data-e-type=\"widget\" data-widget_type=\"image.default\">\n\t\t\t\t<div class=\"elementor-widget-container\">\n\t\t\t\t\t\t\t\t\t\t\t\t\t\t\t<img decoding=\"async\" width=\"300\" height=\"67\" src=\"https:\/\/www.lazarushospiz.de\/wordpress\/wp-content\/uploads\/logo-lazarushospiz-berlin-300x67.png\" class=\"attachment-medium size-medium wp-image-1849\" alt=\"\" srcset=\"https:\/\/www.lazarushospiz.de\/wordpress\/wp-content\/uploads\/logo-lazarushospiz-berlin-300x67.png 300w, https:\/\/www.lazarushospiz.de\/wordpress\/wp-content\/uploads\/logo-lazarushospiz-berlin-768x172.png 768w, https:\/\/www.lazarushospiz.de\/wordpress\/wp-content\/uploads\/logo-lazarushospiz-berlin.png 820w\" sizes=\"(max-width: 300px) 100vw, 300px\" \/>\t\t\t\t\t\t\t\t\t\t\t\t\t\t\t<\/div>\n\t\t\t\t<\/div>\n\t\t\t\t\t<\/div>\n\t\t<\/div>\n\t\t\t\t<div class=\"elementor-column elementor-col-33 elementor-top-column elementor-element elementor-element-7632165\" data-id=\"7632165\" data-element_type=\"column\" data-e-type=\"column\">\n\t\t\t<div class=\"elementor-widget-wrap elementor-element-populated\">\n\t\t\t\t\t\t<div class=\"elementor-element elementor-element-daf968f logo-img elementor-widget elementor-widget-image\" data-id=\"daf968f\" data-element_type=\"widget\" data-e-type=\"widget\" data-widget_type=\"image.default\">\n\t\t\t\t<div class=\"elementor-widget-container\">\n\t\t\t\t\t\t\t\t\t\t\t\t\t\t\t\t<a href=\"https:\/\/www.lobetal.de\">\n\t\t\t\t\t\t\t<img loading=\"lazy\" decoding=\"async\" width=\"342\" height=\"75\" src=\"https:\/\/www.lazarushospiz.de\/wordpress\/wp-content\/uploads\/logo-hstl.png\" class=\"attachment-large size-large wp-image-4054\" alt=\"\" srcset=\"https:\/\/www.lazarushospiz.de\/wordpress\/wp-content\/uploads\/logo-hstl.png 342w, https:\/\/www.lazarushospiz.de\/wordpress\/wp-content\/uploads\/logo-hstl-300x66.png 300w\" sizes=\"(max-width: 342px) 100vw, 342px\" \/>\t\t\t\t\t\t\t\t<\/a>\n\t\t\t\t\t\t\t\t\t\t\t\t\t\t\t<\/div>\n\t\t\t\t<\/div>\n\t\t\t\t\t<\/div>\n\t\t<\/div>\n\t\t\t\t<div class=\"elementor-column elementor-col-33 elementor-top-column elementor-element elementor-element-4bf035a\" data-id=\"4bf035a\" data-element_type=\"column\" data-e-type=\"column\">\n\t\t\t<div class=\"elementor-widget-wrap elementor-element-populated\">\n\t\t\t\t\t\t<div class=\"elementor-element elementor-element-c817d48 logo-img elementor-widget elementor-widget-image\" data-id=\"c817d48\" data-element_type=\"widget\" data-e-type=\"widget\" data-widget_type=\"image.default\">\n\t\t\t\t<div class=\"elementor-widget-container\">\n\t\t\t\t\t\t\t\t\t\t\t\t\t\t\t\t<a href=\"https:\/\/www.bethel.de\">\n\t\t\t\t\t\t\t<img loading=\"lazy\" decoding=\"async\" width=\"271\" height=\"75\" src=\"https:\/\/www.lazarushospiz.de\/wordpress\/wp-content\/uploads\/logo-bethel.png\" class=\"attachment-large size-large wp-image-2744\" alt=\"\" \/>\t\t\t\t\t\t\t\t<\/a>\n\t\t\t\t\t\t\t\t\t\t\t\t\t\t\t<\/div>\n\t\t\t\t<\/div>\n\t\t\t\t\t<\/div>\n\t\t<\/div>\n\t\t\t\t\t<\/div>\n\t\t<\/section>\n\t\t\t\t<\/div>\n\t\t","protected":false},"excerpt":{"rendered":"<p>Projelerimiz Lazarus Hospiz Berlin K\u00fclt\u00fcre Duyarl\u0131 \u00d6l\u00fcm Refakati Berlin\u2019de Almanya k\u00f6kenli olmayan yakla\u015f\u0131k 872.000 insan ya\u015f\u0131yor. G\u00fcncel ara\u015ft\u0131rmalar\u0131n sonu\u00e7lar\u0131, g\u00f6\u00e7 arkaplan\u0131 olan insanlar\u0131n Alman n\u00fcfusa oranla hospislerden ve paliyatif hizmetlerden \u00e7ok daha az faydaland\u0131\u011f\u0131n\u0131 ortaya koyuyor. Bu nedenle Mart 2013\u2019te [&hellip;]<\/p>\n","protected":false},"author":1,"featured_media":0,"parent":0,"menu_order":0,"comment_status":"closed","ping_status":"closed","template":"","meta":{"_acf_changed":false,"site-sidebar-layout":"no-sidebar","site-content-layout":"page-builder","ast-site-content-layout":"full-width-container","site-content-style":"unboxed","site-sidebar-style":"unboxed","ast-global-header-display":"","ast-banner-title-visibility":"","ast-main-header-display":"","ast-hfb-above-header-display":"","ast-hfb-below-header-display":"","ast-hfb-mobile-header-display":"","site-post-title":"disabled","ast-breadcrumbs-content":"","ast-featured-img":"","footer-sml-layout":"","ast-disable-related-posts":"","theme-transparent-header-meta":"default","adv-header-id-meta":"","stick-header-meta":"default","header-above-stick-meta":"","header-main-stick-meta":"","header-below-stick-meta":"","astra-migrate-meta-layouts":"default","ast-page-background-enabled":"default","ast-page-background-meta":{"desktop":{"background-color":"","background-image":"","background-repeat":"repeat","background-position":"center center","background-size":"auto","background-attachment":"scroll","background-type":"","background-media":"","overlay-type":"","overlay-color":"","overlay-opacity":"","overlay-gradient":""},"tablet":{"background-color":"","background-image":"","background-repeat":"repeat","background-position":"center center","background-size":"auto","background-attachment":"scroll","background-type":"","background-media":"","overlay-type":"","overlay-color":"","overlay-opacity":"","overlay-gradient":""},"mobile":{"background-color":"","background-image":"","background-repeat":"repeat","background-position":"center center","background-size":"auto","background-attachment":"scroll","background-type":"","background-media":"","overlay-type":"","overlay-color":"","overlay-opacity":"","overlay-gradient":""}},"ast-content-background-meta":{"desktop":{"background-color":"var(--ast-global-color-5)","background-image":"","background-repeat":"repeat","background-position":"center center","background-size":"auto","background-attachment":"scroll","background-type":"","background-media":"","overlay-type":"","overlay-color":"","overlay-opacity":"","overlay-gradient":""},"tablet":{"background-color":"var(--ast-global-color-5)","background-image":"","background-repeat":"repeat","background-position":"center center","background-size":"auto","background-attachment":"scroll","background-type":"","background-media":"","overlay-type":"","overlay-color":"","overlay-opacity":"","overlay-gradient":""},"mobile":{"background-color":"var(--ast-global-color-5)","background-image":"","background-repeat":"repeat","background-position":"center center","background-size":"auto","background-attachment":"scroll","background-type":"","background-media":"","overlay-type":"","overlay-color":"","overlay-opacity":"","overlay-gradient":""}},"footnotes":""},"class_list":["post-3368","page","type-page","status-publish","hentry"],"acf":[],"_links":{"self":[{"href":"https:\/\/www.lazarushospiz.de\/tr\/wp-json\/wp\/v2\/pages\/3368","targetHints":{"allow":["GET"]}}],"collection":[{"href":"https:\/\/www.lazarushospiz.de\/tr\/wp-json\/wp\/v2\/pages"}],"about":[{"href":"https:\/\/www.lazarushospiz.de\/tr\/wp-json\/wp\/v2\/types\/page"}],"author":[{"embeddable":true,"href":"https:\/\/www.lazarushospiz.de\/tr\/wp-json\/wp\/v2\/users\/1"}],"replies":[{"embeddable":true,"href":"https:\/\/www.lazarushospiz.de\/tr\/wp-json\/wp\/v2\/comments?post=3368"}],"version-history":[{"count":5,"href":"https:\/\/www.lazarushospiz.de\/tr\/wp-json\/wp\/v2\/pages\/3368\/revisions"}],"predecessor-version":[{"id":9590,"href":"https:\/\/www.lazarushospiz.de\/tr\/wp-json\/wp\/v2\/pages\/3368\/revisions\/9590"}],"wp:attachment":[{"href":"https:\/\/www.lazarushospiz.de\/tr\/wp-json\/wp\/v2\/media?parent=3368"}],"curies":[{"name":"wp","href":"https:\/\/api.w.org\/{rel}","templated":true}]}}