{"id":3362,"date":"2018-10-05T08:35:28","date_gmt":"2018-10-05T06:35:28","guid":{"rendered":"https:\/\/www.lazarushospiz.de\/yas\/"},"modified":"2024-12-13T10:08:17","modified_gmt":"2024-12-13T09:08:17","slug":"yas","status":"publish","type":"page","link":"https:\/\/www.lazarushospiz.de\/tr\/yas\/","title":{"rendered":"Yas"},"content":{"rendered":"\t\t<div data-elementor-type=\"wp-post\" data-elementor-id=\"3362\" class=\"elementor elementor-3362 elementor-1968\" data-elementor-post-type=\"page\">\n\t\t\t\t\t\t<section class=\"elementor-section elementor-top-section elementor-element elementor-element-npldwf8 elementor-section-boxed elementor-section-height-default elementor-section-height-default\" data-id=\"npldwf8\" data-element_type=\"section\" data-e-type=\"section\" data-settings=\"{&quot;background_background&quot;:&quot;classic&quot;}\">\n\t\t\t\t\t\t\t<div class=\"elementor-background-overlay\"><\/div>\n\t\t\t\t\t\t\t<div class=\"elementor-container elementor-column-gap-default\">\n\t\t\t\t\t<div class=\"elementor-column elementor-col-50 elementor-top-column elementor-element elementor-element-bn2xzjs\" data-id=\"bn2xzjs\" data-element_type=\"column\" data-e-type=\"column\">\n\t\t\t<div class=\"elementor-widget-wrap elementor-element-populated\">\n\t\t\t\t\t\t<div class=\"elementor-element elementor-element-7ly833e elementor-widget elementor-widget-spacer\" data-id=\"7ly833e\" data-element_type=\"widget\" data-e-type=\"widget\" data-widget_type=\"spacer.default\">\n\t\t\t\t<div class=\"elementor-widget-container\">\n\t\t\t\t\t\t\t<div class=\"elementor-spacer\">\n\t\t\t<div class=\"elementor-spacer-inner\"><\/div>\n\t\t<\/div>\n\t\t\t\t\t\t<\/div>\n\t\t\t\t<\/div>\n\t\t\t\t<div class=\"elementor-element elementor-element-x1665ys elementor-widget elementor-widget-heading\" data-id=\"x1665ys\" data-element_type=\"widget\" data-e-type=\"widget\" data-widget_type=\"heading.default\">\n\t\t\t\t<div class=\"elementor-widget-container\">\n\t\t\t\t\t<h1 class=\"elementor-heading-title elementor-size-xl\">Yas<\/h1>\t\t\t\t<\/div>\n\t\t\t\t<\/div>\n\t\t\t\t<div class=\"elementor-element elementor-element-pjju816 elementor-widget elementor-widget-heading\" data-id=\"pjju816\" data-element_type=\"widget\" data-e-type=\"widget\" data-widget_type=\"heading.default\">\n\t\t\t\t<div class=\"elementor-widget-container\">\n\t\t\t\t\t<h2 class=\"elementor-heading-title elementor-size-default\"><a href=\"https:\/\/www.lazarushospiz.de\/tr\/\">Lazarus Hospiz Berlin<\/a><\/h2>\t\t\t\t<\/div>\n\t\t\t\t<\/div>\n\t\t\t\t<div class=\"elementor-element elementor-element-iele430 elementor-widget elementor-widget-spacer\" data-id=\"iele430\" data-element_type=\"widget\" data-e-type=\"widget\" data-widget_type=\"spacer.default\">\n\t\t\t\t<div class=\"elementor-widget-container\">\n\t\t\t\t\t\t\t<div class=\"elementor-spacer\">\n\t\t\t<div class=\"elementor-spacer-inner\"><\/div>\n\t\t<\/div>\n\t\t\t\t\t\t<\/div>\n\t\t\t\t<\/div>\n\t\t\t\t\t<\/div>\n\t\t<\/div>\n\t\t\t\t<div class=\"elementor-column elementor-col-50 elementor-top-column elementor-element elementor-element-z9dcmza\" data-id=\"z9dcmza\" data-element_type=\"column\" data-e-type=\"column\">\n\t\t\t<div class=\"elementor-widget-wrap elementor-element-populated\">\n\t\t\t\t\t\t<div class=\"elementor-element elementor-element-aagt0kf elementor-hidden-tablet elementor-hidden-phone elementor-widget elementor-widget-spacer\" data-id=\"aagt0kf\" data-element_type=\"widget\" data-e-type=\"widget\" data-widget_type=\"spacer.default\">\n\t\t\t\t<div class=\"elementor-widget-container\">\n\t\t\t\t\t\t\t<div class=\"elementor-spacer\">\n\t\t\t<div class=\"elementor-spacer-inner\"><\/div>\n\t\t<\/div>\n\t\t\t\t\t\t<\/div>\n\t\t\t\t<\/div>\n\t\t\t\t\t<\/div>\n\t\t<\/div>\n\t\t\t\t\t<\/div>\n\t\t<\/section>\n\t\t\t\t<section class=\"elementor-section elementor-top-section elementor-element elementor-element-452114f elementor-section-boxed elementor-section-height-default elementor-section-height-default\" data-id=\"452114f\" data-element_type=\"section\" data-e-type=\"section\">\n\t\t\t\t\t\t<div class=\"elementor-container elementor-column-gap-default\">\n\t\t\t\t\t<div class=\"elementor-column elementor-col-100 elementor-top-column elementor-element elementor-element-46007b5\" data-id=\"46007b5\" data-element_type=\"column\" data-e-type=\"column\">\n\t\t\t<div class=\"elementor-widget-wrap\">\n\t\t\t\t\t\t\t<\/div>\n\t\t<\/div>\n\t\t\t\t\t<\/div>\n\t\t<\/section>\n\t\t\t\t<section class=\"elementor-section elementor-top-section elementor-element elementor-element-e66842e elementor-section-boxed elementor-section-height-default elementor-section-height-default\" data-id=\"e66842e\" data-element_type=\"section\" data-e-type=\"section\">\n\t\t\t\t\t\t<div class=\"elementor-container elementor-column-gap-default\">\n\t\t\t\t\t<div class=\"elementor-column elementor-col-100 elementor-top-column elementor-element elementor-element-1f9fa2a\" data-id=\"1f9fa2a\" data-element_type=\"column\" data-e-type=\"column\">\n\t\t\t<div class=\"elementor-widget-wrap elementor-element-populated\">\n\t\t\t\t\t\t<div class=\"elementor-element elementor-element-2c0f09d elementor-widget elementor-widget-text-editor\" data-id=\"2c0f09d\" data-element_type=\"widget\" data-e-type=\"widget\" data-widget_type=\"text-editor.default\">\n\t\t\t\t<div class=\"elementor-widget-container\">\n\t\t\t\t\t\t\t\t\t<p><strong>Yas tutarken size refakat edilmesini arzuluyorsan\u0131z<br \/><\/strong><br \/>Yas, insandan insana de\u011fi\u015fiklik g\u00f6steren bir s\u00fcre\u00e7tir. Bireysel yas yolunuzda sizi destekliyoruz.<br \/>Yas Caf\u00e9\u2018sinde size refakat edebilece\u011fimiz gibi, yas refakat\u00e7ilerimizle bire bir g\u00f6r\u00fc\u015fme yapma imkan\u0131na da sahipsiniz. Burada ac\u0131n\u0131z ve sevdi\u011finiz insan\u0131n \u00f6l\u00fcm\u00fcn\u00fcn ard\u0131ndan akl\u0131n\u0131z\u0131 me\u015fgul eden sorular i\u00e7in yeterince yer var.<\/p>\t\t\t\t\t\t\t\t<\/div>\n\t\t\t\t<\/div>\n\t\t\t\t<div class=\"elementor-element elementor-element-71c9cad height-30 elementor-widget elementor-widget-spacer\" data-id=\"71c9cad\" data-element_type=\"widget\" data-e-type=\"widget\" data-widget_type=\"spacer.default\">\n\t\t\t\t<div class=\"elementor-widget-container\">\n\t\t\t\t\t\t\t<div class=\"elementor-spacer\">\n\t\t\t<div class=\"elementor-spacer-inner\"><\/div>\n\t\t<\/div>\n\t\t\t\t\t\t<\/div>\n\t\t\t\t<\/div>\n\t\t\t\t\t<\/div>\n\t\t<\/div>\n\t\t\t\t\t<\/div>\n\t\t<\/section>\n\t\t\t\t<section class=\"elementor-section elementor-top-section elementor-element elementor-element-4e7f7e9 elementor-section-boxed elementor-section-height-default elementor-section-height-default\" data-id=\"4e7f7e9\" data-element_type=\"section\" data-e-type=\"section\">\n\t\t\t\t\t\t<div class=\"elementor-container elementor-column-gap-default\">\n\t\t\t\t\t<div class=\"elementor-column elementor-col-66 elementor-top-column elementor-element elementor-element-4467c41\" data-id=\"4467c41\" data-element_type=\"column\" data-e-type=\"column\">\n\t\t\t<div class=\"elementor-widget-wrap elementor-element-populated\">\n\t\t\t\t\t\t<div class=\"elementor-element elementor-element-7be2a4f elementor-widget elementor-widget-text-editor\" data-id=\"7be2a4f\" data-element_type=\"widget\" data-e-type=\"widget\" data-widget_type=\"text-editor.default\">\n\t\t\t\t<div class=\"elementor-widget-container\">\n\t\t\t\t\t\t\t\t\t<h2>Yas Caf\u00e9\u2018si<\/h2>\r\nSevdi\u011finiz bir insan\u0131 kaybettikten sonra yard\u0131ma ve teselliye ihtiyac\u0131n\u0131z varsa, Yas Caf\u00e9\u2018sinde istedi\u011finiz zaman kat\u0131labilece\u011finiz a\u00e7\u0131k bir grubumuz var.\r\n\r\nBireysel yas yolunuzda size destek oluyoruz. Sizi iki haftada bir d\u00fczenlenen Yas Caf\u00e9\u2018sinde kahve i\u00e7ip kek yemeye, birlik ve beraberlik duygusunu deneyimlemeye davet ediyoruz. Grupta yas tutmak b\u00fct\u00fcn\u00fcyle normal ve herkes kendi usul\u00fcnce -konu\u015farak, susarak ya da a\u011flayarak- yas tutuyor. Ayn\u0131 kaderi payla\u015fanlar\u0131n d\u00fcnyas\u0131nda her \u015feye izin var.Yas Caf\u00e9\u2019si size cesaret verecek.\t\t\t\t\t\t\t\t<\/div>\n\t\t\t\t<\/div>\n\t\t\t\t\t<\/div>\n\t\t<\/div>\n\t\t\t\t<div class=\"elementor-column elementor-col-33 elementor-top-column elementor-element elementor-element-aad6375\" data-id=\"aad6375\" data-element_type=\"column\" data-e-type=\"column\">\n\t\t\t<div class=\"elementor-widget-wrap elementor-element-populated\">\n\t\t\t\t\t\t<div class=\"elementor-element elementor-element-927bbcb side-box elementor-view-default elementor-position-block-start elementor-mobile-position-block-start elementor-widget elementor-widget-icon-box\" data-id=\"927bbcb\" data-element_type=\"widget\" data-e-type=\"widget\" data-widget_type=\"icon-box.default\">\n\t\t\t\t<div class=\"elementor-widget-container\">\n\t\t\t\t\t\t\t<div class=\"elementor-icon-box-wrapper\">\n\n\t\t\t\t\t\t<div class=\"elementor-icon-box-icon\">\n\t\t\t\t<span  class=\"elementor-icon\">\n\t\t\t\t\t\t\t\t<\/span>\n\t\t\t<\/div>\n\t\t\t\n\t\t\t\t\t\t<div class=\"elementor-icon-box-content\">\n\n\t\t\t\t\n\t\t\t\t\t\t\t\t\t<p class=\"elementor-icon-box-description\">\n\t\t\t\t\t\tE\u011fer bu hizmetimiz ilginizi \u00e7ektiyse, l\u00fctfen ilk ziyaretinizden \u00f6nce bizimle ili\u015fkiye ge\u00e7in.\n<br><br>\n\n<a href=\"tel:+493046705281\">030 46705-281<\/a><br>\n<a href=\"&#x6d;&#97;i&#x6c;&#x74;&#111;:&#x74;&#x72;&#97;u&#x65;&#114;c&#x61;&#x66;&#101;-&#x6c;&#x61;&#122;a&#x72;&#117;&#115;&#x40;&#x6c;&#111;b&#x65;&#x74;&#97;l&#x2e;&#100;&#101;\">E-Mail yazmak i\u00e7in<\/a>\t\t\t\t\t<\/p>\n\t\t\t\t\n\t\t\t<\/div>\n\t\t\t\n\t\t<\/div>\n\t\t\t\t\t\t<\/div>\n\t\t\t\t<\/div>\n\t\t\t\t\t<\/div>\n\t\t<\/div>\n\t\t\t\t\t<\/div>\n\t\t<\/section>\n\t\t\t\t<section class=\"elementor-section elementor-top-section elementor-element elementor-element-65cdd7f elementor-section-boxed elementor-section-height-default elementor-section-height-default\" data-id=\"65cdd7f\" data-element_type=\"section\" data-e-type=\"section\">\n\t\t\t\t\t\t<div class=\"elementor-container elementor-column-gap-default\">\n\t\t\t\t\t<div class=\"elementor-column elementor-col-100 elementor-top-column elementor-element elementor-element-d15877a\" data-id=\"d15877a\" data-element_type=\"column\" data-e-type=\"column\">\n\t\t\t<div class=\"elementor-widget-wrap elementor-element-populated\">\n\t\t\t\t\t\t<div class=\"elementor-element elementor-element-cebffe2 elementor-widget elementor-widget-spacer\" data-id=\"cebffe2\" data-element_type=\"widget\" data-e-type=\"widget\" data-widget_type=\"spacer.default\">\n\t\t\t\t<div class=\"elementor-widget-container\">\n\t\t\t\t\t\t\t<div class=\"elementor-spacer\">\n\t\t\t<div class=\"elementor-spacer-inner\"><\/div>\n\t\t<\/div>\n\t\t\t\t\t\t<\/div>\n\t\t\t\t<\/div>\n\t\t\t\t\t<\/div>\n\t\t<\/div>\n\t\t\t\t\t<\/div>\n\t\t<\/section>\n\t\t\t\t<section class=\"elementor-section elementor-top-section elementor-element elementor-element-2d15796 elementor-section-boxed elementor-section-height-default elementor-section-height-default\" data-id=\"2d15796\" data-element_type=\"section\" data-e-type=\"section\">\n\t\t\t\t\t\t<div class=\"elementor-container elementor-column-gap-default\">\n\t\t\t\t\t<div class=\"elementor-column elementor-col-33 elementor-top-column elementor-element elementor-element-8923e40\" data-id=\"8923e40\" data-element_type=\"column\" data-e-type=\"column\">\n\t\t\t<div class=\"elementor-widget-wrap elementor-element-populated\">\n\t\t\t\t\t\t<div class=\"elementor-element elementor-element-141cc0c logo-img elementor-widget elementor-widget-image\" data-id=\"141cc0c\" data-element_type=\"widget\" data-e-type=\"widget\" data-widget_type=\"image.default\">\n\t\t\t\t<div class=\"elementor-widget-container\">\n\t\t\t\t\t\t\t\t\t\t\t\t\t\t\t<img decoding=\"async\" width=\"300\" height=\"67\" src=\"https:\/\/www.lazarushospiz.de\/wordpress\/wp-content\/uploads\/logo-lazarushospiz-berlin-300x67.png\" class=\"attachment-medium size-medium wp-image-1849\" alt=\"\" srcset=\"https:\/\/www.lazarushospiz.de\/wordpress\/wp-content\/uploads\/logo-lazarushospiz-berlin-300x67.png 300w, https:\/\/www.lazarushospiz.de\/wordpress\/wp-content\/uploads\/logo-lazarushospiz-berlin-768x172.png 768w, https:\/\/www.lazarushospiz.de\/wordpress\/wp-content\/uploads\/logo-lazarushospiz-berlin.png 820w\" sizes=\"(max-width: 300px) 100vw, 300px\" \/>\t\t\t\t\t\t\t\t\t\t\t\t\t\t\t<\/div>\n\t\t\t\t<\/div>\n\t\t\t\t\t<\/div>\n\t\t<\/div>\n\t\t\t\t<div class=\"elementor-column elementor-col-33 elementor-top-column elementor-element elementor-element-7632165\" data-id=\"7632165\" data-element_type=\"column\" data-e-type=\"column\">\n\t\t\t<div class=\"elementor-widget-wrap elementor-element-populated\">\n\t\t\t\t\t\t<div class=\"elementor-element elementor-element-daf968f logo-img elementor-widget elementor-widget-image\" data-id=\"daf968f\" data-element_type=\"widget\" data-e-type=\"widget\" data-widget_type=\"image.default\">\n\t\t\t\t<div class=\"elementor-widget-container\">\n\t\t\t\t\t\t\t\t\t\t\t\t\t\t\t\t<a href=\"https:\/\/www.lobetal.de\">\n\t\t\t\t\t\t\t<img decoding=\"async\" width=\"342\" height=\"75\" src=\"https:\/\/www.lazarushospiz.de\/wordpress\/wp-content\/uploads\/logo-hstl.png\" class=\"attachment-large size-large wp-image-4054\" alt=\"\" srcset=\"https:\/\/www.lazarushospiz.de\/wordpress\/wp-content\/uploads\/logo-hstl.png 342w, https:\/\/www.lazarushospiz.de\/wordpress\/wp-content\/uploads\/logo-hstl-300x66.png 300w\" sizes=\"(max-width: 342px) 100vw, 342px\" \/>\t\t\t\t\t\t\t\t<\/a>\n\t\t\t\t\t\t\t\t\t\t\t\t\t\t\t<\/div>\n\t\t\t\t<\/div>\n\t\t\t\t\t<\/div>\n\t\t<\/div>\n\t\t\t\t<div class=\"elementor-column elementor-col-33 elementor-top-column elementor-element elementor-element-4bf035a\" data-id=\"4bf035a\" data-element_type=\"column\" data-e-type=\"column\">\n\t\t\t<div class=\"elementor-widget-wrap elementor-element-populated\">\n\t\t\t\t\t\t<div class=\"elementor-element elementor-element-c817d48 logo-img elementor-widget elementor-widget-image\" data-id=\"c817d48\" data-element_type=\"widget\" data-e-type=\"widget\" data-widget_type=\"image.default\">\n\t\t\t\t<div class=\"elementor-widget-container\">\n\t\t\t\t\t\t\t\t\t\t\t\t\t\t\t\t<a href=\"https:\/\/www.bethel.de\">\n\t\t\t\t\t\t\t<img decoding=\"async\" width=\"271\" height=\"75\" src=\"https:\/\/www.lazarushospiz.de\/wordpress\/wp-content\/uploads\/logo-bethel.png\" class=\"attachment-large size-large wp-image-2744\" alt=\"\" \/>\t\t\t\t\t\t\t\t<\/a>\n\t\t\t\t\t\t\t\t\t\t\t\t\t\t\t<\/div>\n\t\t\t\t<\/div>\n\t\t\t\t\t<\/div>\n\t\t<\/div>\n\t\t\t\t\t<\/div>\n\t\t<\/section>\n\t\t\t\t<\/div>\n\t\t","protected":false},"excerpt":{"rendered":"<p>Yas Lazarus Hospiz Berlin Yas tutarken size refakat edilmesini arzuluyorsan\u0131zYas, insandan insana de\u011fi\u015fiklik g\u00f6steren bir s\u00fcre\u00e7tir. Bireysel yas yolunuzda sizi destekliyoruz.Yas Caf\u00e9\u2018sinde size refakat edebilece\u011fimiz gibi, yas refakat\u00e7ilerimizle bire bir g\u00f6r\u00fc\u015fme yapma imkan\u0131na da sahipsiniz. Burada ac\u0131n\u0131z ve sevdi\u011finiz insan\u0131n [&hellip;]<\/p>\n","protected":false},"author":1,"featured_media":0,"parent":0,"menu_order":0,"comment_status":"closed","ping_status":"closed","template":"","meta":{"_acf_changed":false,"site-sidebar-layout":"no-sidebar","site-content-layout":"page-builder","ast-site-content-layout":"full-width-container","site-content-style":"unboxed","site-sidebar-style":"unboxed","ast-global-header-display":"","ast-banner-title-visibility":"","ast-main-header-display":"","ast-hfb-above-header-display":"","ast-hfb-below-header-display":"","ast-hfb-mobile-header-display":"","site-post-title":"disabled","ast-breadcrumbs-content":"","ast-featured-img":"","footer-sml-layout":"","ast-disable-related-posts":"","theme-transparent-header-meta":"default","adv-header-id-meta":"","stick-header-meta":"default","header-above-stick-meta":"","header-main-stick-meta":"","header-below-stick-meta":"","astra-migrate-meta-layouts":"set","ast-page-background-enabled":"default","ast-page-background-meta":{"desktop":{"background-color":"","background-image":"","background-repeat":"repeat","background-position":"center center","background-size":"auto","background-attachment":"scroll","background-type":"","background-media":"","overlay-type":"","overlay-color":"","overlay-opacity":"","overlay-gradient":""},"tablet":{"background-color":"","background-image":"","background-repeat":"repeat","background-position":"center center","background-size":"auto","background-attachment":"scroll","background-type":"","background-media":"","overlay-type":"","overlay-color":"","overlay-opacity":"","overlay-gradient":""},"mobile":{"background-color":"","background-image":"","background-repeat":"repeat","background-position":"center center","background-size":"auto","background-attachment":"scroll","background-type":"","background-media":"","overlay-type":"","overlay-color":"","overlay-opacity":"","overlay-gradient":""}},"ast-content-background-meta":{"desktop":{"background-color":"var(--ast-global-color-5)","background-image":"","background-repeat":"repeat","background-position":"center center","background-size":"auto","background-attachment":"scroll","background-type":"","background-media":"","overlay-type":"","overlay-color":"","overlay-opacity":"","overlay-gradient":""},"tablet":{"background-color":"var(--ast-global-color-5)","background-image":"","background-repeat":"repeat","background-position":"center center","background-size":"auto","background-attachment":"scroll","background-type":"","background-media":"","overlay-type":"","overlay-color":"","overlay-opacity":"","overlay-gradient":""},"mobile":{"background-color":"var(--ast-global-color-5)","background-image":"","background-repeat":"repeat","background-position":"center center","background-size":"auto","background-attachment":"scroll","background-type":"","background-media":"","overlay-type":"","overlay-color":"","overlay-opacity":"","overlay-gradient":""}},"footnotes":""},"class_list":["post-3362","page","type-page","status-publish","hentry"],"acf":[],"_links":{"self":[{"href":"https:\/\/www.lazarushospiz.de\/tr\/wp-json\/wp\/v2\/pages\/3362","targetHints":{"allow":["GET"]}}],"collection":[{"href":"https:\/\/www.lazarushospiz.de\/tr\/wp-json\/wp\/v2\/pages"}],"about":[{"href":"https:\/\/www.lazarushospiz.de\/tr\/wp-json\/wp\/v2\/types\/page"}],"author":[{"embeddable":true,"href":"https:\/\/www.lazarushospiz.de\/tr\/wp-json\/wp\/v2\/users\/1"}],"replies":[{"embeddable":true,"href":"https:\/\/www.lazarushospiz.de\/tr\/wp-json\/wp\/v2\/comments?post=3362"}],"version-history":[{"count":15,"href":"https:\/\/www.lazarushospiz.de\/tr\/wp-json\/wp\/v2\/pages\/3362\/revisions"}],"predecessor-version":[{"id":8988,"href":"https:\/\/www.lazarushospiz.de\/tr\/wp-json\/wp\/v2\/pages\/3362\/revisions\/8988"}],"wp:attachment":[{"href":"https:\/\/www.lazarushospiz.de\/tr\/wp-json\/wp\/v2\/media?parent=3362"}],"curies":[{"name":"wp","href":"https:\/\/api.w.org\/{rel}","templated":true}]}}