{"id":2807,"date":"2018-10-16T14:02:29","date_gmt":"2018-10-16T12:02:29","guid":{"rendered":"https:\/\/www.lazarushospiz.de\/projekty\/"},"modified":"2026-02-03T09:30:52","modified_gmt":"2026-02-03T08:30:52","slug":"projekty","status":"publish","type":"page","link":"https:\/\/www.lazarushospiz.de\/pl\/projekty\/","title":{"rendered":"Projekty"},"content":{"rendered":"\t\t<div data-elementor-type=\"wp-post\" data-elementor-id=\"2807\" class=\"elementor elementor-2807 elementor-2440\" data-elementor-post-type=\"page\">\n\t\t\t\t\t\t<section class=\"elementor-section elementor-top-section elementor-element elementor-element-npldwf8 elementor-section-boxed elementor-section-height-default elementor-section-height-default\" data-id=\"npldwf8\" data-element_type=\"section\" data-e-type=\"section\" data-settings=\"{&quot;background_background&quot;:&quot;classic&quot;}\">\n\t\t\t\t\t\t\t<div class=\"elementor-background-overlay\"><\/div>\n\t\t\t\t\t\t\t<div class=\"elementor-container elementor-column-gap-default\">\n\t\t\t\t\t<div class=\"elementor-column elementor-col-50 elementor-top-column elementor-element elementor-element-bn2xzjs\" data-id=\"bn2xzjs\" data-element_type=\"column\" data-e-type=\"column\">\n\t\t\t<div class=\"elementor-widget-wrap elementor-element-populated\">\n\t\t\t\t\t\t<div class=\"elementor-element elementor-element-7ly833e elementor-widget elementor-widget-spacer\" data-id=\"7ly833e\" data-element_type=\"widget\" data-e-type=\"widget\" data-widget_type=\"spacer.default\">\n\t\t\t\t<div class=\"elementor-widget-container\">\n\t\t\t\t\t\t\t<div class=\"elementor-spacer\">\n\t\t\t<div class=\"elementor-spacer-inner\"><\/div>\n\t\t<\/div>\n\t\t\t\t\t\t<\/div>\n\t\t\t\t<\/div>\n\t\t\t\t<div class=\"elementor-element elementor-element-x1665ys elementor-widget elementor-widget-heading\" data-id=\"x1665ys\" data-element_type=\"widget\" data-e-type=\"widget\" data-widget_type=\"heading.default\">\n\t\t\t\t<div class=\"elementor-widget-container\">\n\t\t\t\t\t<h1 class=\"elementor-heading-title elementor-size-xl\">Projekty<\/h1>\t\t\t\t<\/div>\n\t\t\t\t<\/div>\n\t\t\t\t<div class=\"elementor-element elementor-element-pjju816 elementor-widget elementor-widget-heading\" data-id=\"pjju816\" data-element_type=\"widget\" data-e-type=\"widget\" data-widget_type=\"heading.default\">\n\t\t\t\t<div class=\"elementor-widget-container\">\n\t\t\t\t\t<h2 class=\"elementor-heading-title elementor-size-default\"><a href=\"https:\/\/www.lazarushospiz.de\/pl\/\">Lazarus Hospicjum Berlin<\/a><\/h2>\t\t\t\t<\/div>\n\t\t\t\t<\/div>\n\t\t\t\t<div class=\"elementor-element elementor-element-iele430 elementor-widget elementor-widget-spacer\" data-id=\"iele430\" data-element_type=\"widget\" data-e-type=\"widget\" data-widget_type=\"spacer.default\">\n\t\t\t\t<div class=\"elementor-widget-container\">\n\t\t\t\t\t\t\t<div class=\"elementor-spacer\">\n\t\t\t<div class=\"elementor-spacer-inner\"><\/div>\n\t\t<\/div>\n\t\t\t\t\t\t<\/div>\n\t\t\t\t<\/div>\n\t\t\t\t\t<\/div>\n\t\t<\/div>\n\t\t\t\t<div class=\"elementor-column elementor-col-50 elementor-top-column elementor-element elementor-element-z9dcmza\" data-id=\"z9dcmza\" data-element_type=\"column\" data-e-type=\"column\">\n\t\t\t<div class=\"elementor-widget-wrap elementor-element-populated\">\n\t\t\t\t\t\t<div class=\"elementor-element elementor-element-aagt0kf elementor-hidden-tablet elementor-hidden-phone elementor-widget elementor-widget-spacer\" data-id=\"aagt0kf\" data-element_type=\"widget\" data-e-type=\"widget\" data-widget_type=\"spacer.default\">\n\t\t\t\t<div class=\"elementor-widget-container\">\n\t\t\t\t\t\t\t<div class=\"elementor-spacer\">\n\t\t\t<div class=\"elementor-spacer-inner\"><\/div>\n\t\t<\/div>\n\t\t\t\t\t\t<\/div>\n\t\t\t\t<\/div>\n\t\t\t\t\t<\/div>\n\t\t<\/div>\n\t\t\t\t\t<\/div>\n\t\t<\/section>\n\t\t\t\t<section class=\"elementor-section elementor-top-section elementor-element elementor-element-e66842e elementor-section-boxed elementor-section-height-default elementor-section-height-default\" data-id=\"e66842e\" data-element_type=\"section\" data-e-type=\"section\" id=\"kultursensible-sterbebegleitung\">\n\t\t\t\t\t\t<div class=\"elementor-container elementor-column-gap-default\">\n\t\t\t\t\t<div class=\"elementor-column elementor-col-100 elementor-top-column elementor-element elementor-element-1f9fa2a\" data-id=\"1f9fa2a\" data-element_type=\"column\" data-e-type=\"column\">\n\t\t\t<div class=\"elementor-widget-wrap elementor-element-populated\">\n\t\t\t\t\t\t<div class=\"elementor-element elementor-element-71c9cad height-30 elementor-widget elementor-widget-spacer\" data-id=\"71c9cad\" data-element_type=\"widget\" data-e-type=\"widget\" data-widget_type=\"spacer.default\">\n\t\t\t\t<div class=\"elementor-widget-container\">\n\t\t\t\t\t\t\t<div class=\"elementor-spacer\">\n\t\t\t<div class=\"elementor-spacer-inner\"><\/div>\n\t\t<\/div>\n\t\t\t\t\t\t<\/div>\n\t\t\t\t<\/div>\n\t\t\t\t\t<\/div>\n\t\t<\/div>\n\t\t\t\t\t<\/div>\n\t\t<\/section>\n\t\t\t\t<section class=\"elementor-section elementor-top-section elementor-element elementor-element-c64f61b reverse elementor-section-boxed elementor-section-height-default elementor-section-height-default\" data-id=\"c64f61b\" data-element_type=\"section\" data-e-type=\"section\">\n\t\t\t\t\t\t<div class=\"elementor-container elementor-column-gap-default\">\n\t\t\t\t\t<div class=\"elementor-column elementor-col-33 elementor-top-column elementor-element elementor-element-a5e677d\" data-id=\"a5e677d\" data-element_type=\"column\" data-e-type=\"column\">\n\t\t\t<div class=\"elementor-widget-wrap elementor-element-populated\">\n\t\t\t\t\t\t<div class=\"elementor-element elementor-element-2cfe866 elementor-widget elementor-widget-image\" data-id=\"2cfe866\" data-element_type=\"widget\" data-e-type=\"widget\" data-widget_type=\"image.default\">\n\t\t\t\t<div class=\"elementor-widget-container\">\n\t\t\t\t\t\t\t\t\t\t\t\t\t\t\t\t<a href=\"https:\/\/www.lazarushospiz.de\/wordpress\/wp-content\/uploads\/lazarus-hospiz-projekt-am-lebensende-1920x1278-1.jpg\" data-elementor-open-lightbox=\"yes\" data-elementor-lightbox-title=\"lazarus-hospiz-projekt-am-lebensende-1920x1278\" data-e-action-hash=\"#elementor-action%3Aaction%3Dlightbox%26settings%3DeyJpZCI6IjcxNjkiLCJ1cmwiOiJodHRwczpcL1wvd3d3LmxhemFydXNob3NwaXouZGVcL3dvcmRwcmVzc1wvd3AtY29udGVudFwvdXBsb2Fkc1wvbGF6YXJ1cy1ob3NwaXotcHJvamVrdC1hbS1sZWJlbnNlbmRlLTE5MjB4MTI3OC0xLmpwZyJ9\">\n\t\t\t\t\t\t\t<img fetchpriority=\"high\" decoding=\"async\" width=\"768\" height=\"734\" src=\"https:\/\/www.lazarushospiz.de\/wordpress\/wp-content\/uploads\/lazarus-hospiz-projekt-am-lebensende-1920x1278-1-768x734.jpg\" class=\"attachment-medium_large size-medium_large wp-image-7169\" alt=\"\" srcset=\"https:\/\/www.lazarushospiz.de\/wordpress\/wp-content\/uploads\/lazarus-hospiz-projekt-am-lebensende-1920x1278-1-768x734.jpg 768w, https:\/\/www.lazarushospiz.de\/wordpress\/wp-content\/uploads\/lazarus-hospiz-projekt-am-lebensende-1920x1278-1-300x287.jpg 300w, https:\/\/www.lazarushospiz.de\/wordpress\/wp-content\/uploads\/lazarus-hospiz-projekt-am-lebensende-1920x1278-1-1320x1261.jpg 1320w, https:\/\/www.lazarushospiz.de\/wordpress\/wp-content\/uploads\/lazarus-hospiz-projekt-am-lebensende-1920x1278-1.jpg 1338w\" sizes=\"(max-width: 768px) 100vw, 768px\" \/>\t\t\t\t\t\t\t\t<\/a>\n\t\t\t\t\t\t\t\t\t\t\t\t\t\t\t<\/div>\n\t\t\t\t<\/div>\n\t\t\t\t\t<\/div>\n\t\t<\/div>\n\t\t\t\t<div class=\"elementor-column elementor-col-66 elementor-top-column elementor-element elementor-element-f49236e\" data-id=\"f49236e\" data-element_type=\"column\" data-e-type=\"column\">\n\t\t\t<div class=\"elementor-widget-wrap elementor-element-populated\">\n\t\t\t\t\t\t<div class=\"elementor-element elementor-element-7703c16 elementor-widget elementor-widget-text-editor\" data-id=\"7703c16\" data-element_type=\"widget\" data-e-type=\"widget\" data-widget_type=\"text-editor.default\">\n\t\t\t\t<div class=\"elementor-widget-container\">\n\t\t\t\t\t\t\t\t\t<h2>Towarzyszenie przy umieraniu z wra\u017cliwo\u015bci\u0105 na odmienno\u015b\u0107 kulturow\u0105<\/h2>\n\t\t\t\t\t\t\t\t<\/div>\n\t\t\t\t<\/div>\n\t\t\t\t<div class=\"elementor-element elementor-element-bfa3c7d elementor-widget elementor-widget-text-editor\" data-id=\"bfa3c7d\" data-element_type=\"widget\" data-e-type=\"widget\" data-widget_type=\"text-editor.default\">\n\t\t\t\t<div class=\"elementor-widget-container\">\n\t\t\t\t\t\t\t\t\tW Berlinie mieszka oko\u0142o 872 tys. os\u00f3b, kt\u00f3re nie wywodz\u0105 si\u0119 z Niemiec. Wyniki aktualnie prowadzonych bada\u0144 pokazuj\u0105, \u017ce osoby o\u00a0pochodzeniu migracyjnym o wiele rzadziej ni\u017c ludno\u015b\u0107 niemiecka korzystaj\u0105 z hospicj\u00f3w i opieki paliatywnej. W marcu 2013 roku\u00a0zainicjowali\u015bmy projekt: \u201ePod koniec \u017cycia z dala od ojczyzny\u201c w zakresie towarzyszenia umieraj\u0105cym z wra\u017cliwo\u015bci\u0105 na odmienno\u015b\u0107\u00a0kulturow\u0105.\r\n\r\nChcemy udost\u0119pni\u0107 ofert\u0119 hospicjum wszystkim ludziom i pozyska\u0107 ludzi odmiennych kultur do towarzyszenia jako\r\nwolontariusze osobom \u015bmiertelnie chorym i umieraj\u0105cym.\r\n\r\nOferujemy szkolenia dla os\u00f3b zajmuj\u0105cych si\u0119 piel\u0119gnacj\u0105 chorych na temat piel\u0119gnacji z wra\u017cliwo\u015bci\u0105 na odmienno\u015b\u0107 kulturow\u0105. W minionych latach towarzyszyli\u015bmy wi\u0119kszej grupie os\u00f3b o pochodzeniu migracyjnym i przy\u0142\u0105czyli si\u0119 do nas wolontariusze, m\u00f3wcy rodzimi j\u0119zyk\u00f3w: tureckiego, polskiego, arabskiego, w\u0119gierskiego, korea\u0144skiego, hiszpa\u0144skiego, portugalskiego, norweskiego, angielskiego i rumu\u0144skiego.\t\t\t\t\t\t\t\t<\/div>\n\t\t\t\t<\/div>\n\t\t\t\t\t<\/div>\n\t\t<\/div>\n\t\t\t\t\t<\/div>\n\t\t<\/section>\n\t\t\t\t<section class=\"elementor-section elementor-top-section elementor-element elementor-element-6cdfc58 space-section elementor-section-boxed elementor-section-height-default elementor-section-height-default\" data-id=\"6cdfc58\" data-element_type=\"section\" data-e-type=\"section\" id=\"hospiz-o\u015bwi\u0119cim\">\n\t\t\t\t\t\t<div class=\"elementor-container elementor-column-gap-default\">\n\t\t\t\t\t<div class=\"elementor-column elementor-col-100 elementor-top-column elementor-element elementor-element-cb5bfba\" data-id=\"cb5bfba\" data-element_type=\"column\" data-e-type=\"column\">\n\t\t\t<div class=\"elementor-widget-wrap elementor-element-populated\">\n\t\t\t\t\t\t<div class=\"elementor-element elementor-element-6efe75d height-60 elementor-widget elementor-widget-spacer\" data-id=\"6efe75d\" data-element_type=\"widget\" data-e-type=\"widget\" data-widget_type=\"spacer.default\">\n\t\t\t\t<div class=\"elementor-widget-container\">\n\t\t\t\t\t\t\t<div class=\"elementor-spacer\">\n\t\t\t<div class=\"elementor-spacer-inner\"><\/div>\n\t\t<\/div>\n\t\t\t\t\t\t<\/div>\n\t\t\t\t<\/div>\n\t\t\t\t\t<\/div>\n\t\t<\/div>\n\t\t\t\t\t<\/div>\n\t\t<\/section>\n\t\t\t\t<section class=\"elementor-section elementor-top-section elementor-element elementor-element-557aa0c elementor-section-boxed elementor-section-height-default elementor-section-height-default\" data-id=\"557aa0c\" data-element_type=\"section\" data-e-type=\"section\">\n\t\t\t\t\t\t<div class=\"elementor-container elementor-column-gap-default\">\n\t\t\t\t\t<div class=\"elementor-column elementor-col-33 elementor-top-column elementor-element elementor-element-901062b\" data-id=\"901062b\" data-element_type=\"column\" data-e-type=\"column\">\n\t\t\t<div class=\"elementor-widget-wrap elementor-element-populated\">\n\t\t\t\t\t\t<div class=\"elementor-element elementor-element-281926b elementor-widget elementor-widget-text-editor\" data-id=\"281926b\" data-element_type=\"widget\" data-e-type=\"widget\" data-widget_type=\"text-editor.default\">\n\t\t\t\t<div class=\"elementor-widget-container\">\n\t\t\t\t\t\t\t\t\t<h2>Kooperacja z Pomnikiem Hospicjum Miastu O\u015bwi\u0119cim<\/h2>\n<p><b>Wsp\u00f3\u0142praca pomi\u0119dzy polskim Pomnikiem-Hospicjum w O\u015bwi\u0119cimiu, w Polsce, a niemieckim Hospicjum Lazarus w Berlinie<\/b><\/p>\n<p>W dniu 27 stycznia 1945 roku wi\u0119\u017aniowie, kt\u00f3rzy prze\u017cyli ob\u00f3z koncentracyjny Auschwitz,zostali oswobodzeni przez Armi\u0119 Radzieck\u0105. Obecnie 27 stycznia obchodzony jest jako mi\u0119dzynarodowy dzie\u0144 pami\u0119ci. Przypomina on o pozbawieniu praw, izolacji i mordowaniu \u017byd\u00f3w, Rom\u00f3w i Sinti, homoseksualist\u00f3w i wi\u0119\u017ani\u00f3w politycznych oraz robotnik\u00f3w przymusowych i Polak\u00f3w. W trakcie uroczysto\u015bci upami\u0119tniaj\u0105cej to wydarzenie w Niemieckim Bundestagu w dniu 27 stycznia 2015 roku, Prezydent Republiki Federalnej Niemiec Gauck sformu\u0142owa\u0142 to nast\u0119puj\u0105co: \u201eAuschwitz stanowi cz\u0119\u015b\u0107 naszej niemieckiej historii i naszej to\u017csamo\u015bci.\u201d<\/p>\n<p>Federalne Ministerstwo Zdrowia nawi\u0105za\u0142o w\u00a02013 roku kontakt pomi\u0119dzy naszym Hospicjum Lazarus w Berlinie, mieszcz\u0105cym si\u0119 nieopodal Miejsca Pami\u0119ci Bernauer Strasse, a nowo\u00a0utworzonym w 2012 roku Pomnikiem Hospicjum Miastu O\u015bwi\u0119cim.<\/p>\n\t\t\t\t\t\t\t\t<\/div>\n\t\t\t\t<\/div>\n\t\t\t\t<div class=\"elementor-element elementor-element-6575ead elementor-align-left elementor-widget elementor-widget-button\" data-id=\"6575ead\" data-element_type=\"widget\" data-e-type=\"widget\" data-widget_type=\"button.default\">\n\t\t\t\t<div class=\"elementor-widget-container\">\n\t\t\t\t\t\t\t\t\t<div class=\"elementor-button-wrapper\">\n\t\t\t\t\t<a class=\"elementor-button elementor-button-link elementor-size-sm\" href=\"https:\/\/www.lazarushospiz.de\/pl\/pomnik-hospicjum-miastu-oswiecim\/\">\n\t\t\t\t\t\t<span class=\"elementor-button-content-wrapper\">\n\t\t\t\t\t\t<span class=\"elementor-button-icon\">\n\t\t\t\t\t\t\t\t\t<i class=\"fa fa-link\" aria-hidden=\"true\"><\/i>\n\t\t\t\t\t\t\t<\/span>\n\t\t\t\t\t\t\t\t\t<span class=\"elementor-button-text\">Czytaj wi\u0119cej<\/span>\n\t\t\t\t\t<\/span>\n\t\t\t\t\t<\/a>\n\t\t\t\t<\/div>\n\t\t\t\t\t\t\t\t<\/div>\n\t\t\t\t<\/div>\n\t\t\t\t\t<\/div>\n\t\t<\/div>\n\t\t\t\t<div class=\"elementor-column elementor-col-66 elementor-top-column elementor-element elementor-element-5f721e2\" data-id=\"5f721e2\" data-element_type=\"column\" data-e-type=\"column\">\n\t\t\t<div class=\"elementor-widget-wrap elementor-element-populated\">\n\t\t\t\t\t\t<div class=\"elementor-element elementor-element-004bb60 elementor-widget elementor-widget-image\" data-id=\"004bb60\" data-element_type=\"widget\" data-e-type=\"widget\" data-widget_type=\"image.default\">\n\t\t\t\t<div class=\"elementor-widget-container\">\n\t\t\t\t\t\t\t\t\t\t\t\t\t\t\t\t<a href=\"https:\/\/www.lazarushospiz.de\/wordpress\/wp-content\/uploads\/lazarus-hospiz-projekt-polen-denkmalhospiz-1.jpg\" data-elementor-open-lightbox=\"yes\" data-elementor-lightbox-title=\"lazarus-hospiz-projekt-polen-denkmalhospiz\" data-e-action-hash=\"#elementor-action%3Aaction%3Dlightbox%26settings%3DeyJpZCI6IjcxNzAiLCJ1cmwiOiJodHRwczpcL1wvd3d3LmxhemFydXNob3NwaXouZGVcL3dvcmRwcmVzc1wvd3AtY29udGVudFwvdXBsb2Fkc1wvbGF6YXJ1cy1ob3NwaXotcHJvamVrdC1wb2xlbi1kZW5rbWFsaG9zcGl6LTEuanBnIn0%3D\">\n\t\t\t\t\t\t\t<img decoding=\"async\" width=\"589\" height=\"719\" src=\"https:\/\/www.lazarushospiz.de\/wordpress\/wp-content\/uploads\/lazarus-hospiz-projekt-polen-denkmalhospiz-1.jpg\" class=\"attachment-medium_large size-medium_large wp-image-7170\" alt=\"\" srcset=\"https:\/\/www.lazarushospiz.de\/wordpress\/wp-content\/uploads\/lazarus-hospiz-projekt-polen-denkmalhospiz-1.jpg 589w, https:\/\/www.lazarushospiz.de\/wordpress\/wp-content\/uploads\/lazarus-hospiz-projekt-polen-denkmalhospiz-1-246x300.jpg 246w\" sizes=\"(max-width: 589px) 100vw, 589px\" \/>\t\t\t\t\t\t\t\t<\/a>\n\t\t\t\t\t\t\t\t\t\t\t\t\t\t\t<\/div>\n\t\t\t\t<\/div>\n\t\t\t\t\t<\/div>\n\t\t<\/div>\n\t\t\t\t\t<\/div>\n\t\t<\/section>\n\t\t\t\t<section class=\"elementor-section elementor-top-section elementor-element elementor-element-2d15796 elementor-section-boxed elementor-section-height-default elementor-section-height-default\" data-id=\"2d15796\" data-element_type=\"section\" data-e-type=\"section\">\n\t\t\t\t\t\t<div class=\"elementor-container elementor-column-gap-default\">\n\t\t\t\t\t<div class=\"elementor-column elementor-col-33 elementor-top-column elementor-element elementor-element-8923e40\" data-id=\"8923e40\" data-element_type=\"column\" data-e-type=\"column\">\n\t\t\t<div class=\"elementor-widget-wrap elementor-element-populated\">\n\t\t\t\t\t\t<div class=\"elementor-element elementor-element-141cc0c logo-img elementor-widget elementor-widget-image\" data-id=\"141cc0c\" data-element_type=\"widget\" data-e-type=\"widget\" data-widget_type=\"image.default\">\n\t\t\t\t<div class=\"elementor-widget-container\">\n\t\t\t\t\t\t\t\t\t\t\t\t\t\t\t<img decoding=\"async\" width=\"300\" height=\"67\" src=\"https:\/\/www.lazarushospiz.de\/wordpress\/wp-content\/uploads\/logo-lazarushospiz-berlin-300x67.png\" class=\"attachment-medium size-medium wp-image-1849\" alt=\"\" srcset=\"https:\/\/www.lazarushospiz.de\/wordpress\/wp-content\/uploads\/logo-lazarushospiz-berlin-300x67.png 300w, https:\/\/www.lazarushospiz.de\/wordpress\/wp-content\/uploads\/logo-lazarushospiz-berlin-768x172.png 768w, https:\/\/www.lazarushospiz.de\/wordpress\/wp-content\/uploads\/logo-lazarushospiz-berlin.png 820w\" sizes=\"(max-width: 300px) 100vw, 300px\" \/>\t\t\t\t\t\t\t\t\t\t\t\t\t\t\t<\/div>\n\t\t\t\t<\/div>\n\t\t\t\t\t<\/div>\n\t\t<\/div>\n\t\t\t\t<div class=\"elementor-column elementor-col-33 elementor-top-column elementor-element elementor-element-7632165\" data-id=\"7632165\" data-element_type=\"column\" data-e-type=\"column\">\n\t\t\t<div class=\"elementor-widget-wrap elementor-element-populated\">\n\t\t\t\t\t\t<div class=\"elementor-element elementor-element-daf968f logo-img elementor-widget elementor-widget-image\" data-id=\"daf968f\" data-element_type=\"widget\" data-e-type=\"widget\" data-widget_type=\"image.default\">\n\t\t\t\t<div class=\"elementor-widget-container\">\n\t\t\t\t\t\t\t\t\t\t\t\t\t\t\t\t<a href=\"https:\/\/www.lobetal.de\">\n\t\t\t\t\t\t\t<img loading=\"lazy\" decoding=\"async\" width=\"342\" height=\"75\" src=\"https:\/\/www.lazarushospiz.de\/wordpress\/wp-content\/uploads\/logo-hstl.png\" class=\"attachment-large size-large wp-image-4054\" alt=\"\" srcset=\"https:\/\/www.lazarushospiz.de\/wordpress\/wp-content\/uploads\/logo-hstl.png 342w, https:\/\/www.lazarushospiz.de\/wordpress\/wp-content\/uploads\/logo-hstl-300x66.png 300w\" sizes=\"(max-width: 342px) 100vw, 342px\" \/>\t\t\t\t\t\t\t\t<\/a>\n\t\t\t\t\t\t\t\t\t\t\t\t\t\t\t<\/div>\n\t\t\t\t<\/div>\n\t\t\t\t\t<\/div>\n\t\t<\/div>\n\t\t\t\t<div class=\"elementor-column elementor-col-33 elementor-top-column elementor-element elementor-element-4bf035a\" data-id=\"4bf035a\" data-element_type=\"column\" data-e-type=\"column\">\n\t\t\t<div class=\"elementor-widget-wrap elementor-element-populated\">\n\t\t\t\t\t\t<div class=\"elementor-element elementor-element-c817d48 logo-img elementor-widget elementor-widget-image\" data-id=\"c817d48\" data-element_type=\"widget\" data-e-type=\"widget\" data-widget_type=\"image.default\">\n\t\t\t\t<div class=\"elementor-widget-container\">\n\t\t\t\t\t\t\t\t\t\t\t\t\t\t\t\t<a href=\"https:\/\/www.bethel.de\">\n\t\t\t\t\t\t\t<img loading=\"lazy\" decoding=\"async\" width=\"271\" height=\"75\" src=\"https:\/\/www.lazarushospiz.de\/wordpress\/wp-content\/uploads\/logo-bethel.png\" class=\"attachment-large size-large wp-image-2738\" alt=\"\" \/>\t\t\t\t\t\t\t\t<\/a>\n\t\t\t\t\t\t\t\t\t\t\t\t\t\t\t<\/div>\n\t\t\t\t<\/div>\n\t\t\t\t\t<\/div>\n\t\t<\/div>\n\t\t\t\t\t<\/div>\n\t\t<\/section>\n\t\t\t\t<\/div>\n\t\t","protected":false},"excerpt":{"rendered":"<p>Projekty Lazarus Hospicjum Berlin Towarzyszenie przy umieraniu z wra\u017cliwo\u015bci\u0105 na odmienno\u015b\u0107 kulturow\u0105 W Berlinie mieszka oko\u0142o 872 tys. os\u00f3b, kt\u00f3re nie wywodz\u0105 si\u0119 z Niemiec. Wyniki aktualnie prowadzonych bada\u0144 pokazuj\u0105, \u017ce osoby o\u00a0pochodzeniu migracyjnym o wiele rzadziej ni\u017c ludno\u015b\u0107 niemiecka [&hellip;]<\/p>\n","protected":false},"author":1,"featured_media":0,"parent":0,"menu_order":0,"comment_status":"closed","ping_status":"closed","template":"","meta":{"_acf_changed":false,"site-sidebar-layout":"no-sidebar","site-content-layout":"page-builder","ast-site-content-layout":"full-width-container","site-content-style":"unboxed","site-sidebar-style":"unboxed","ast-global-header-display":"","ast-banner-title-visibility":"","ast-main-header-display":"","ast-hfb-above-header-display":"","ast-hfb-below-header-display":"","ast-hfb-mobile-header-display":"","site-post-title":"disabled","ast-breadcrumbs-content":"","ast-featured-img":"","footer-sml-layout":"","ast-disable-related-posts":"","theme-transparent-header-meta":"default","adv-header-id-meta":"","stick-header-meta":"default","header-above-stick-meta":"","header-main-stick-meta":"","header-below-stick-meta":"","astra-migrate-meta-layouts":"default","ast-page-background-enabled":"default","ast-page-background-meta":{"desktop":{"background-color":"","background-image":"","background-repeat":"repeat","background-position":"center center","background-size":"auto","background-attachment":"scroll","background-type":"","background-media":"","overlay-type":"","overlay-color":"","overlay-opacity":"","overlay-gradient":""},"tablet":{"background-color":"","background-image":"","background-repeat":"repeat","background-position":"center center","background-size":"auto","background-attachment":"scroll","background-type":"","background-media":"","overlay-type":"","overlay-color":"","overlay-opacity":"","overlay-gradient":""},"mobile":{"background-color":"","background-image":"","background-repeat":"repeat","background-position":"center center","background-size":"auto","background-attachment":"scroll","background-type":"","background-media":"","overlay-type":"","overlay-color":"","overlay-opacity":"","overlay-gradient":""}},"ast-content-background-meta":{"desktop":{"background-color":"var(--ast-global-color-5)","background-image":"","background-repeat":"repeat","background-position":"center center","background-size":"auto","background-attachment":"scroll","background-type":"","background-media":"","overlay-type":"","overlay-color":"","overlay-opacity":"","overlay-gradient":""},"tablet":{"background-color":"var(--ast-global-color-5)","background-image":"","background-repeat":"repeat","background-position":"center center","background-size":"auto","background-attachment":"scroll","background-type":"","background-media":"","overlay-type":"","overlay-color":"","overlay-opacity":"","overlay-gradient":""},"mobile":{"background-color":"var(--ast-global-color-5)","background-image":"","background-repeat":"repeat","background-position":"center center","background-size":"auto","background-attachment":"scroll","background-type":"","background-media":"","overlay-type":"","overlay-color":"","overlay-opacity":"","overlay-gradient":""}},"footnotes":""},"class_list":["post-2807","page","type-page","status-publish","hentry"],"acf":[],"_links":{"self":[{"href":"https:\/\/www.lazarushospiz.de\/pl\/wp-json\/wp\/v2\/pages\/2807","targetHints":{"allow":["GET"]}}],"collection":[{"href":"https:\/\/www.lazarushospiz.de\/pl\/wp-json\/wp\/v2\/pages"}],"about":[{"href":"https:\/\/www.lazarushospiz.de\/pl\/wp-json\/wp\/v2\/types\/page"}],"author":[{"embeddable":true,"href":"https:\/\/www.lazarushospiz.de\/pl\/wp-json\/wp\/v2\/users\/1"}],"replies":[{"embeddable":true,"href":"https:\/\/www.lazarushospiz.de\/pl\/wp-json\/wp\/v2\/comments?post=2807"}],"version-history":[{"count":5,"href":"https:\/\/www.lazarushospiz.de\/pl\/wp-json\/wp\/v2\/pages\/2807\/revisions"}],"predecessor-version":[{"id":9587,"href":"https:\/\/www.lazarushospiz.de\/pl\/wp-json\/wp\/v2\/pages\/2807\/revisions\/9587"}],"wp:attachment":[{"href":"https:\/\/www.lazarushospiz.de\/pl\/wp-json\/wp\/v2\/media?parent=2807"}],"curies":[{"name":"wp","href":"https:\/\/api.w.org\/{rel}","templated":true}]}}